{"id":1402,"date":"2022-10-31T09:43:03","date_gmt":"2022-10-31T08:43:03","guid":{"rendered":"http:\/\/ripagreen.com\/ripagreen\/"},"modified":"2024-03-06T15:11:02","modified_gmt":"2024-03-06T14:11:02","slug":"ripagreen","status":"publish","type":"page","link":"https:\/\/ripagreen.com\/es\/ripagreen\/","title":{"rendered":"Ripagreen"},"content":{"rendered":"","protected":false},"excerpt":{"rendered":"","protected":false},"author":1,"featured_media":0,"parent":0,"menu_order":6,"comment_status":"closed","ping_status":"closed","template":"page-ripagreen.php","meta":{"_acf_changed":false,"footnotes":""},"class_list":["post-1402","page","type-page","status-publish","hentry"],"acf":[],"yoast_head":"<!-- This site is optimized with the Yoast SEO plugin v27.3 - https:\/\/yoast.com\/product\/yoast-seo-wordpress\/ -->\n<title>Qui sommes-nous | Ripagreen<\/title>\n<meta name=\"description\" content=\"Ripagreen, una marca del grupo Sefmat, est\u00e1 presente en el mercado de los desherbadores t\u00e9rmicos con aire caliente pulsado.\" \/>\n<meta name=\"robots\" content=\"index, follow, max-snippet:-1, max-image-preview:large, max-video-preview:-1\" \/>\n<link rel=\"canonical\" href=\"https:\/\/ripagreen.com\/es\/ripagreen\/\" \/>\n<meta property=\"og:locale\" content=\"es_ES\" \/>\n<meta property=\"og:type\" content=\"article\" \/>\n<meta property=\"og:title\" content=\"Qui sommes-nous | Ripagreen\" \/>\n<meta property=\"og:description\" content=\"Ripagreen, una marca del grupo Sefmat, est\u00e1 presente en el mercado de los desherbadores t\u00e9rmicos con aire caliente pulsado.\" \/>\n<meta property=\"og:url\" content=\"https:\/\/ripagreen.com\/es\/ripagreen\/\" \/>\n<meta property=\"og:site_name\" content=\"Ripagreen\" \/>\n<meta property=\"article:modified_time\" content=\"2024-03-06T14:11:02+00:00\" \/>\n<meta property=\"og:image\" content=\"https:\/\/ripagreen.com\/wp-content\/uploads\/2023\/06\/ripagreen-logo-large-1.png\" \/>\n\t<meta property=\"og:image:width\" content=\"1200\" \/>\n\t<meta property=\"og:image:height\" content=\"675\" \/>\n\t<meta property=\"og:image:type\" content=\"image\/png\" \/>\n<meta name=\"twitter:card\" content=\"summary_large_image\" \/>\n<script type=\"application\/ld+json\" class=\"yoast-schema-graph\">{\"@context\":\"https:\\\/\\\/schema.org\",\"@graph\":[{\"@type\":\"WebPage\",\"@id\":\"https:\\\/\\\/ripagreen.com\\\/es\\\/ripagreen\\\/\",\"url\":\"https:\\\/\\\/ripagreen.com\\\/es\\\/ripagreen\\\/\",\"name\":\"Qui sommes-nous | Ripagreen\",\"isPartOf\":{\"@id\":\"https:\\\/\\\/ripagreen.com\\\/#website\"},\"datePublished\":\"2022-10-31T08:43:03+00:00\",\"dateModified\":\"2024-03-06T14:11:02+00:00\",\"description\":\"Ripagreen, una marca del grupo Sefmat, est\u00e1 presente en el mercado de los desherbadores t\u00e9rmicos con aire caliente pulsado.\",\"breadcrumb\":{\"@id\":\"https:\\\/\\\/ripagreen.com\\\/es\\\/ripagreen\\\/#breadcrumb\"},\"inLanguage\":\"es\",\"potentialAction\":[{\"@type\":\"ReadAction\",\"target\":[\"https:\\\/\\\/ripagreen.com\\\/es\\\/ripagreen\\\/\"]}]},{\"@type\":\"BreadcrumbList\",\"@id\":\"https:\\\/\\\/ripagreen.com\\\/es\\\/ripagreen\\\/#breadcrumb\",\"itemListElement\":[{\"@type\":\"ListItem\",\"position\":1,\"name\":\"Accueil\",\"item\":\"https:\\\/\\\/ripagreen.com\\\/es\\\/\"},{\"@type\":\"ListItem\",\"position\":2,\"name\":\"Ripagreen\"}]},{\"@type\":\"WebSite\",\"@id\":\"https:\\\/\\\/ripagreen.com\\\/#website\",\"url\":\"https:\\\/\\\/ripagreen.com\\\/\",\"name\":\"Ripagreen\",\"description\":\"Le d\u00e9sherbage thermique \u00e0 air chaud puls\u00e9\",\"publisher\":{\"@id\":\"https:\\\/\\\/ripagreen.com\\\/#organization\"},\"potentialAction\":[{\"@type\":\"SearchAction\",\"target\":{\"@type\":\"EntryPoint\",\"urlTemplate\":\"https:\\\/\\\/ripagreen.com\\\/?s={search_term_string}\"},\"query-input\":{\"@type\":\"PropertyValueSpecification\",\"valueRequired\":true,\"valueName\":\"search_term_string\"}}],\"inLanguage\":\"es\"},{\"@type\":\"Organization\",\"@id\":\"https:\\\/\\\/ripagreen.com\\\/#organization\",\"name\":\"Ripagreen\",\"alternateName\":\"Sefmat\",\"url\":\"https:\\\/\\\/ripagreen.com\\\/\",\"logo\":{\"@type\":\"ImageObject\",\"inLanguage\":\"es\",\"@id\":\"https:\\\/\\\/ripagreen.com\\\/#\\\/schema\\\/logo\\\/image\\\/\",\"url\":\"https:\\\/\\\/ripagreen.com\\\/wp-content\\\/uploads\\\/2023\\\/06\\\/ripagreen-logo-1.png\",\"contentUrl\":\"https:\\\/\\\/ripagreen.com\\\/wp-content\\\/uploads\\\/2023\\\/06\\\/ripagreen-logo-1.png\",\"width\":696,\"height\":696,\"caption\":\"Ripagreen\"},\"image\":{\"@id\":\"https:\\\/\\\/ripagreen.com\\\/#\\\/schema\\\/logo\\\/image\\\/\"}}]}<\/script>\n<!-- \/ Yoast SEO plugin. -->","yoast_head_json":{"title":"Qui sommes-nous | Ripagreen","description":"Ripagreen, una marca del grupo Sefmat, est\u00e1 presente en el mercado de los desherbadores t\u00e9rmicos con aire caliente pulsado.","robots":{"index":"index","follow":"follow","max-snippet":"max-snippet:-1","max-image-preview":"max-image-preview:large","max-video-preview":"max-video-preview:-1"},"canonical":"https:\/\/ripagreen.com\/es\/ripagreen\/","og_locale":"es_ES","og_type":"article","og_title":"Qui sommes-nous | Ripagreen","og_description":"Ripagreen, una marca del grupo Sefmat, est\u00e1 presente en el mercado de los desherbadores t\u00e9rmicos con aire caliente pulsado.","og_url":"https:\/\/ripagreen.com\/es\/ripagreen\/","og_site_name":"Ripagreen","article_modified_time":"2024-03-06T14:11:02+00:00","og_image":[{"width":1200,"height":675,"url":"https:\/\/ripagreen.com\/wp-content\/uploads\/2023\/06\/ripagreen-logo-large-1.png","type":"image\/png"}],"twitter_card":"summary_large_image","schema":{"@context":"https:\/\/schema.org","@graph":[{"@type":"WebPage","@id":"https:\/\/ripagreen.com\/es\/ripagreen\/","url":"https:\/\/ripagreen.com\/es\/ripagreen\/","name":"Qui sommes-nous | Ripagreen","isPartOf":{"@id":"https:\/\/ripagreen.com\/#website"},"datePublished":"2022-10-31T08:43:03+00:00","dateModified":"2024-03-06T14:11:02+00:00","description":"Ripagreen, una marca del grupo Sefmat, est\u00e1 presente en el mercado de los desherbadores t\u00e9rmicos con aire caliente pulsado.","breadcrumb":{"@id":"https:\/\/ripagreen.com\/es\/ripagreen\/#breadcrumb"},"inLanguage":"es","potentialAction":[{"@type":"ReadAction","target":["https:\/\/ripagreen.com\/es\/ripagreen\/"]}]},{"@type":"BreadcrumbList","@id":"https:\/\/ripagreen.com\/es\/ripagreen\/#breadcrumb","itemListElement":[{"@type":"ListItem","position":1,"name":"Accueil","item":"https:\/\/ripagreen.com\/es\/"},{"@type":"ListItem","position":2,"name":"Ripagreen"}]},{"@type":"WebSite","@id":"https:\/\/ripagreen.com\/#website","url":"https:\/\/ripagreen.com\/","name":"Ripagreen","description":"Le d\u00e9sherbage thermique \u00e0 air chaud puls\u00e9","publisher":{"@id":"https:\/\/ripagreen.com\/#organization"},"potentialAction":[{"@type":"SearchAction","target":{"@type":"EntryPoint","urlTemplate":"https:\/\/ripagreen.com\/?s={search_term_string}"},"query-input":{"@type":"PropertyValueSpecification","valueRequired":true,"valueName":"search_term_string"}}],"inLanguage":"es"},{"@type":"Organization","@id":"https:\/\/ripagreen.com\/#organization","name":"Ripagreen","alternateName":"Sefmat","url":"https:\/\/ripagreen.com\/","logo":{"@type":"ImageObject","inLanguage":"es","@id":"https:\/\/ripagreen.com\/#\/schema\/logo\/image\/","url":"https:\/\/ripagreen.com\/wp-content\/uploads\/2023\/06\/ripagreen-logo-1.png","contentUrl":"https:\/\/ripagreen.com\/wp-content\/uploads\/2023\/06\/ripagreen-logo-1.png","width":696,"height":696,"caption":"Ripagreen"},"image":{"@id":"https:\/\/ripagreen.com\/#\/schema\/logo\/image\/"}}]}},"_links":{"self":[{"href":"https:\/\/ripagreen.com\/es\/wp-json\/wp\/v2\/pages\/1402","targetHints":{"allow":["GET"]}}],"collection":[{"href":"https:\/\/ripagreen.com\/es\/wp-json\/wp\/v2\/pages"}],"about":[{"href":"https:\/\/ripagreen.com\/es\/wp-json\/wp\/v2\/types\/page"}],"author":[{"embeddable":true,"href":"https:\/\/ripagreen.com\/es\/wp-json\/wp\/v2\/users\/1"}],"replies":[{"embeddable":true,"href":"https:\/\/ripagreen.com\/es\/wp-json\/wp\/v2\/comments?post=1402"}],"version-history":[{"count":9,"href":"https:\/\/ripagreen.com\/es\/wp-json\/wp\/v2\/pages\/1402\/revisions"}],"predecessor-version":[{"id":2523,"href":"https:\/\/ripagreen.com\/es\/wp-json\/wp\/v2\/pages\/1402\/revisions\/2523"}],"wp:attachment":[{"href":"https:\/\/ripagreen.com\/es\/wp-json\/wp\/v2\/media?parent=1402"}],"curies":[{"name":"wp","href":"https:\/\/api.w.org\/{rel}","templated":true}]}}