{"id":1302,"date":"2023-03-20T11:08:05","date_gmt":"2023-03-20T10:08:05","guid":{"rendered":"http:\/\/ripagreen.com\/hinweise-zum-datenschutz\/"},"modified":"2023-03-21T10:04:52","modified_gmt":"2023-03-21T09:04:52","slug":"politica-de-privacidad","status":"publish","type":"page","link":"https:\/\/ripagreen.com\/es\/politica-de-privacidad\/","title":{"rendered":"Pol\u00edtica de privacidad"},"content":{"rendered":"\n    <div class=\"intro\">    <span>Sefmat se compromete a proteger su privacidad.&nbsp;Cont\u00e1ctenos en contact@ripagreen.com si tiene alguna pregunta o problema con respecto al uso de sus datos personales y estaremos encantados de ayudarle.<\/span><p><\/p>    <p><span>Al utilizar este sitio o nuestros servicios, usted da su consentimiento para el procesamiento de sus datos personales como se describe en esta pol\u00edtica de privacidad.<\/span><\/p>    <p>&nbsp;<\/p>    <\/div>    <h3><span>Indice<\/span><\/h3>    <ol>    <li><a href=\"#gdpr-definitions\"><span>Definiciones utilizadas en esta pol\u00edtica<\/span><\/a><\/li>    <li><a href=\"#gdpr-principles\"><span>Los principios de protecci\u00f3n de datos que seguimos<\/span><\/a><\/li>    <li><a href=\"#gdpr-rights\"><span>Cu\u00e1les son sus derechos con respecto a sus datos personales<\/span><\/a><\/li>    <li><a href=\"#gdpr-information\"><span>Que datos personales recopilamos sobre usted<\/span><\/a><\/li>    <li><a href=\"#gdpr-processing\"><span>C\u00f3mo usamos sus datos personales<\/span><\/a><\/li>    <li><a href=\"#gdpr-sharing\"><span>Qui\u00e9n m\u00e1s tiene acceso a sus datos personales<\/span><\/a><\/li>    <li><a href=\"#gdpr-security\"><span>C\u00f3mo protegemos sus datos<\/span><\/a><\/li>    <li><a href=\"#gdpr-cookies\"><span>Informaci\u00f3n sobre cookies<\/span><\/a><\/li>    <li><a href=\"#gdpr-contact\"><span>Informaci\u00f3n del contacto<\/span><\/a><\/li>    <\/ol>    <h3 id=\"gdpr-definitions\"><span>Definiciones<\/span><\/h3>    <p><strong><span>Datos personales<\/span><\/strong><span>&nbsp;: cualquier informaci\u00f3n relacionada con una persona f\u00edsica identificada o identificable.<\/span><br>    <strong><span>Procesamiento<\/span><\/strong><span>&nbsp;: cualquier operaci\u00f3n o conjunto de operaciones que se llevan a cabo sobre datos personales o sobre conjuntos de datos personales.<\/span><br>    <strong><span>Sujeto de<\/span><\/strong><span>&nbsp;datos: una persona f\u00edsica cuyos datos personales se procesan.<\/span><br>    <strong><span>Ni\u00f1o<\/span><\/strong><span>&nbsp;: una persona f\u00edsica menor de 16 a\u00f1os.<\/span><br>    <strong><span>Us \/ us<\/span><\/strong><span>&nbsp;(en may\u00fasculas o no) \u2013 Sefmat<\/span><\/p>    <h3 id=\"gdpr-principles\"><span>Principios de protecci\u00f3n de datos<\/span><\/h3>    <p><span>Nos comprometemos a respetar los siguientes principios de protecci\u00f3n de datos:<\/span><\/p>    <ul>    <li><span>El procesamiento es legal, justo y transparente.&nbsp;Nuestras actividades de procesamiento tienen bases legales.&nbsp;Siempre tomamos en consideraci\u00f3n sus derechos antes de procesar datos personales.&nbsp;Le proporcionaremos informaci\u00f3n sobre el procesamiento de datos si lo solicita.<\/span><\/li>    <li><span>El procesamiento se limita al prop\u00f3sito.&nbsp;Nuestras actividades de procesamiento corresponden al prop\u00f3sito para el cual se recopilaron los datos personales.<\/span><\/li>    <li><span>El procesamiento se realiza con un m\u00ednimo de datos.&nbsp;Solo recopilamos y procesamos los datos personales m\u00ednimos requeridos para cualquier prop\u00f3sito.<\/span><\/li>    <li><span>El procesamiento es por tiempo limitado.&nbsp;No conservaremos sus datos personales m\u00e1s tiempo del necesario.<\/span><\/li>    <li><span>Haremos todo lo posible para garantizar la exactitud de los datos.<\/span><\/li>    <li><span>Haremos todo lo posible para garantizar la integridad y confidencialidad de los datos.<\/span><\/li>    <\/ul>    <h3 id=\"gdpr-rights\"><span>Derechos del interesado<\/span><\/h3>    <p><span>El interesado tiene los siguientes derechos:<\/span><\/p>    <ol>    <li><span>Derecho a la informaci\u00f3n, lo que significa que tiene derecho a saber si se est\u00e1n procesando sus datos personales;&nbsp;qu\u00e9 datos se recopilan, d\u00f3nde se obtienen y por qu\u00e9 y qui\u00e9n los procesa.<\/span><\/li>    <li><span>Derecho de acceso, lo que significa que tiene derecho a acceder a los datos recopilados de usted o sobre usted.&nbsp;Esto incluye su derecho a solicitar y obtener una copia de los datos personales recopilados sobre usted.<\/span><\/li>    <li><span>Derecho de rectificaci\u00f3n, lo que significa que tiene derecho a solicitar la rectificaci\u00f3n o el borrado de sus datos personales que sean inexactos o incompletos.<\/span><\/li>    <li><span>Derecho de borrado, lo que significa que, en determinadas circunstancias, puede solicitar que se borren sus datos personales de nuestros registros.<\/span><\/li>    <li><span>Derecho a restringir el procesamiento: es decir, cuando se aplican ciertas condiciones, tiene derecho a restringir el procesamiento de sus datos personales.<\/span><\/li>    <li><span>Derecho a oponerse al procesamiento, lo que significa que, en ciertos casos, tiene derecho a oponerse al procesamiento de sus datos personales, por ejemplo, en el caso del marketing directo.<\/span><\/li>    <li><span>Derecho a oponerse al procesamiento automatizado, lo que significa que tiene derecho a oponerse al procesamiento automatizado, incluida la elaboraci\u00f3n de perfiles, y a no estar sujeto a una decisi\u00f3n basada \u00fanicamente en el procesamiento automatizado.&nbsp;Este derecho que puede ejercer siempre que el resultado de la elaboraci\u00f3n de perfiles produzca efectos legales que le afecten o le afecten significativamente.<\/span><\/li>    <li><span>Derecho a la portabilidad de datos: tiene derecho a obtener sus datos personales en un formato legible por m\u00e1quina o, si es posible, en forma de transferencia directa de un procesador a otro.<\/span><\/li>    <li><span>Derecho a presentar una queja: si denegamos su solicitud de derechos de acceso, le informaremos los motivos.&nbsp;Si no est\u00e1 satisfecho con la forma en que se tramit\u00f3 su solicitud, comun\u00edquese con nosotros.<\/span><\/li>    <li><span>Derecho a la ayuda de&nbsp;<\/span><a href=\"#gdpr-contact\"><span>la autoridad supervisora<\/span><\/a><span>&nbsp;, lo que significa que tiene derecho a la ayuda de una autoridad supervisora ??y el derecho a otros recursos legales, como reclamar da\u00f1os y perjuicios.<\/span><\/li>    <li><span>Derecho a retirar el consentimiento: tiene derecho a retirar cualquier consentimiento otorgado para el procesamiento de sus datos personales.<\/span><\/li>    <\/ol>    <h3 id=\"gdpr-information\"><span>Los datos que recopilamos<\/span><\/h3>    <p><strong><span>Informaci\u00f3n que nos ha proporcionado<\/span><\/strong><br>    <span>Puede ser su direcci\u00f3n de correo electr\u00f3nico, nombre, direcci\u00f3n de facturaci\u00f3n, domicilio, etc. \u2013 principalmente informaci\u00f3n necesaria para entregarle un producto \/ servicio o para mejorar su experiencia de cliente con nosotros. Guardamos la informaci\u00f3n que nos proporciona para que pueda realizar comentarios o realizar otras actividades en el sitio web. Esta informaci\u00f3n incluye, por ejemplo, su nombre y direcci\u00f3n de correo electr\u00f3nico.<\/span><\/p>    <p><strong><span>Informaci\u00f3n recopilada autom\u00e1ticamente sobre usted<\/span><\/strong><br>    <span>Esto incluye informaci\u00f3n que las cookies y otras herramientas de sesi\u00f3n almacenan autom\u00e1ticamente. Por ejemplo, informaci\u00f3n sobre su carrito de compras, su direcci\u00f3n IP, su historial de compras (si lo hay), etc. Esta informaci\u00f3n se utiliza para mejorar su experiencia como cliente. Esta informaci\u00f3n se utiliza para mejorar su experiencia como cliente. Cuando utiliza nuestros servicios o ve el contenido de nuestro sitio web, sus actividades pueden registrarse.<\/span><\/p>    <p><strong><span>Informaci\u00f3n de nuestros socios<\/span><\/strong><br>    <span>Recopilamos informaci\u00f3n de nuestros socios de confianza, confirmando que tienen base legal para comunic\u00e1rnosla.&nbsp;Se trata de informaci\u00f3n que les ha proporcionado directamente o informaci\u00f3n que han recopilado sobre usted por otras razones legales.&nbsp;Consulte la lista de nuestros socios&nbsp;<\/span><a href=\"#gdpr-sharing\"><span>aqu\u00ed<\/span><\/a><span>&nbsp;.<\/span><\/p>    <p><strong><span>Informaci\u00f3n disponible p\u00fablicamente<\/span><\/strong><br>    <span>Podemos recopilar informaci\u00f3n sobre usted que est\u00e9 disponible p\u00fablicamente.<\/span><\/p>    <h3 id=\"gdpr-processing\"><span>C\u00f3mo usamos sus datos personales<\/span><\/h3>    <p><span>Usamos sus datos personales para:<\/span><\/p>    <ul>    <li><span>Brindarle nuestro servicio.&nbsp;Esto incluye, por ejemplo, registrar su cuenta, proporcionar otros productos y servicios que haya solicitado, proporcionar art\u00edculos promocionales a su solicitud y comunicarse con usted en relaci\u00f3n con esos productos y servicios, comunicarse y \u2018interacci\u00f3n con usted y notificaci\u00f3n de cambios en cualquier servicio.<\/span><\/li>    <li><span>mejorar su experiencia de cliente;<\/span><\/li>    <li><span>cumplir una obligaci\u00f3n legal o contractual;<\/span><\/li>    <li><span>notificarle tan pronto como una oferta pueda corresponder a su solicitud.<\/span><\/li>    <\/ul>    <p><span>Usamos sus datos personales por motivos leg\u00edtimos y \/ o con su consentimiento.<\/span><\/p>    <p><span>Debido a la celebraci\u00f3n de un contrato o al cumplimiento de obligaciones contractuales, procesamos sus datos personales para los siguientes fines:<\/span><\/p>    <ul>    <li><span>para identificarte;<\/span><\/li>    <li><span>para proporcionarle un servicio o enviarle \/ ofrecerle un producto;<\/span><\/li>    <li><span>para comunicar ya sea para venta o para facturaci\u00f3n.<\/span><\/li>    <\/ul>    <p><span>Sobre la base de un inter\u00e9s leg\u00edtimo, procesamos sus datos personales para los siguientes fines:<\/span><\/p>    <ul>    <li><span>para enviarle ofertas personalizadas * (de nosotros y \/ o de nuestros socios cuidadosamente seleccionados);<\/span><\/li>    <li><span>administrar y analizar nuestra base de clientes (comportamiento de compra e historial) con el fin de mejorar la calidad, variedad y disponibilidad de los productos \/ servicios ofrecidos \/ prestados;<\/span><\/li>    <li><span>para realizar encuestas de satisfacci\u00f3n del cliente.<\/span><\/li>    <\/ul>    <p><span>Hasta que no nos notifique lo contrario, consideramos que nuestro inter\u00e9s leg\u00edtimo es ofrecerle productos \/ servicios que sean similares o id\u00e9nticos a su historial de compras \/ comportamiento de navegaci\u00f3n.<\/span><\/p>    <p><span>Con su consentimiento, procesamos sus datos personales para los siguientes prop\u00f3sitos:<\/span><\/p>    <ul>    <li><span>para enviarle boletines informativos y ofertas de campa\u00f1as (de nosotros y \/ o de nuestros socios cuidadosamente seleccionados);<\/span><\/li>    <li><span>para otros fines para los que hayamos solicitado su consentimiento.<\/span><\/li>    <\/ul>    <p><span>Procesamos sus datos personales para cumplir con las obligaciones derivadas de la ley y \/ o utilizar sus datos personales para las opciones previstas por la ley. Nos reservamos el derecho de anonimizar los datos personales recopilados y de utilizar estos datos. Solo usaremos datos fuera del alcance de esta pol\u00edtica si se hacen an\u00f3nimos. Conservamos su informaci\u00f3n de facturaci\u00f3n y otra informaci\u00f3n recopilada sobre usted durante el tiempo que sea necesario para fines contables o para cumplir con otras obligaciones seg\u00fan la ley, pero no m\u00e1s all\u00e1 de la \u00abvida \u00fatil\u00bb de los datos personales. definido por la CNIL<\/span><\/p>    <p><span>Podemos procesar sus datos personales para fines adicionales que no se mencionan aqu\u00ed, pero que son compatibles con el prop\u00f3sito original para el que se recopilaron los datos.&nbsp;Para ello, nos aseguraremos de que:<\/span><\/p>    <ul>    <li><span>el v\u00ednculo entre los prop\u00f3sitos, el contexto y la naturaleza de los datos personales es apropiado para su posterior procesamiento;<\/span><\/li>    <li><span>el procesamiento posterior no perjudicar\u00eda sus intereses y<\/span><\/li>    <li><span>habr\u00eda una garant\u00eda adecuada para el tratamiento.<\/span><\/li>    <\/ul>    <p><span>Le informaremos de cualquier procesamiento posterior y sus prop\u00f3sitos.<\/span><\/p>    <h3 id=\"gdpr-sharing\"><span>Qui\u00e9n m\u00e1s puede acceder a sus datos personales<\/span><\/h3>    <p><span>No compartimos sus datos personales con extra\u00f1os.&nbsp;En algunos casos, los datos personales que le conciernen se comunican a nuestros socios de confianza para hacer posible la prestaci\u00f3n del servicio o para mejorar su experiencia como cliente.<\/span><\/p>    <p><span>Solo trabajamos con socios de procesamiento que pueden garantizar un nivel adecuado de protecci\u00f3n de sus datos personales.&nbsp;Divulgamos sus datos personales a terceros o funcionarios cuando estamos legalmente obligados a hacerlo.&nbsp;Podemos divulgar sus datos personales a terceros si lo ha dado su consentimiento o si existen otros fundamentos legales.<\/span><\/p>    <h3 id=\"gdpr-security\"><span>C\u00f3mo protegemos sus datos<\/span><\/h3>    <p><span>Hacemos todo lo posible para mantener seguros sus datos personales.&nbsp;Usamos protocolos seguros para la comunicaci\u00f3n y la transferencia de datos (como HTTPS).&nbsp;Usamos el anonimato y el seudonimato cuando corresponde.&nbsp;Monitoreamos nuestros sistemas para detectar posibles vulnerabilidades y ataques.<\/span><\/p>    <p><span>Aunque hacemos nuestro mejor esfuerzo, no podemos garantizar la seguridad de la informaci\u00f3n.&nbsp;Sin embargo, nos comprometemos a informar a las autoridades competentes en caso de violaci\u00f3n de datos.&nbsp;Tambi\u00e9n le informaremos en caso de amenaza a sus derechos o intereses.&nbsp;Haremos todo lo que sea razonablemente posible para evitar violaciones de seguridad y ayudar a las autoridades en caso de que se produzcan.<\/span><\/p>    <p><span>Si tiene una cuenta con nosotros, tenga en cuenta que debe mantener en secreto su nombre de usuario y contrase\u00f1a.<\/span><\/p>    <h3><span>Ni\u00f1os<\/span><\/h3>    <p><span>No tenemos la intenci\u00f3n de recopilar o recopilar informaci\u00f3n de ni\u00f1os a sabiendas.&nbsp;No nos dirigimos a los ni\u00f1os con nuestros servicios.<\/span><\/p>    <h3 id=\"gdpr-cookies\"><span>Cookies y otras tecnolog\u00edas que utilizamos<\/span><\/h3>    <p><span>Utilizamos cookies y \/ o tecnolog\u00edas similares para analizar el comportamiento del cliente, administrar el sitio web, rastrear los movimientos de los usuarios y recopilar informaci\u00f3n del usuario.&nbsp;Esto se hace para personalizar y mejorar su experiencia con nosotros.<\/span><\/p>    <p><span>Una cookie es un peque\u00f1o archivo de texto almacenado en su computadora.&nbsp;Las cookies almacenan informaci\u00f3n que se utiliza para ayudar a que los sitios funcionen.&nbsp;Somos los \u00fanicos que podemos acceder a las cookies creadas por nuestro sitio web.&nbsp;Puede controlar sus cookies a nivel del navegador.&nbsp;<span class=\"\">Al elegir deshabilitar las cookies, puede evitar el uso de ciertas funciones.<\/span><\/span><\/p>    <p><strong><span>Usamos cookies para los siguientes prop\u00f3sitos:<\/span><\/strong><\/p>    <ul>    <li><span>Cookies necesarias: estas cookies son necesarias para que pueda utilizar algunas funciones importantes de nuestro sitio web, como iniciar sesi\u00f3n.&nbsp;Estas cookies no recopilan informaci\u00f3n personal.<\/span><\/li>    <li><span>Cookies de funcionalidad: estas cookies brindan una funcionalidad que hace que el uso de nuestro servicio sea m\u00e1s conveniente y ayuda a brindar una funcionalidad m\u00e1s personalizada.&nbsp;Por ejemplo, pueden recordar su nombre y direcci\u00f3n de correo electr\u00f3nico en formularios de comentarios para que no tenga que volver a ingresar esa informaci\u00f3n en su pr\u00f3ximo comentario.<\/span><\/li>    <li><span>Cookies anal\u00edticas: estas cookies se utilizan para rastrear el uso y el rendimiento de nuestro sitio web y nuestros servicios.<\/span><\/li>    <li><span>Cookies publicitarias: estas cookies se utilizan para mostrar anuncios que son relevantes para usted y que coinciden con sus intereses. Adem\u00e1s, se utilizan para limitar la cantidad de veces que ve un anuncio. Por lo general, las redes publicitarias las colocan en el sitio web con el permiso del operador del sitio web. Estas cookies recuerdan el hecho de que ha visitado un sitio web y esta informaci\u00f3n se comparte con otras organizaciones, como los anunciantes. A menudo, las cookies de orientaci\u00f3n o publicidad est\u00e1n vinculadas a la funcionalidad del sitio proporcionada por la otra organizaci\u00f3n.<\/span><\/li>    <\/ul>    <p><span>Puede eliminar las cookies almacenadas en su computadora a trav\u00e9s de la configuraci\u00f3n de su navegador.&nbsp;Tambi\u00e9n puede controlar ciertas cookies de terceros mediante el uso de una plataforma de mejora de la privacidad como&nbsp;<\/span><a href=\"http:\/\/optout.aboutads.info\/#!\/\" target=\"_blank\" rel=\"noopener noreferrer\"><span>optout.aboutads.info<\/span><\/a><span>&nbsp;o&nbsp;<\/span><a href=\"http:\/\/www.youronlinechoices.com\/\" target=\"_blank\" rel=\"noopener noreferrer\"><span>youronlinechoices.com<\/span><\/a><span>&nbsp;.&nbsp;Para obtener m\u00e1s informaci\u00f3n sobre las cookies, visite&nbsp;<\/span><a href=\"http:\/\/www.allaboutcookies.org\" target=\"_blank\" rel=\"noopener noreferrer\"><span>allaboutcookies.org<\/span><\/a><span>&nbsp;.<\/span><\/p>    <p><span>Usamos Google Analytics para medir el tr\u00e1fico en nuestro sitio web.&nbsp;Google tiene su propia pol\u00edtica de privacidad que puede ver&nbsp;<\/span><a href=\"https:\/\/support.google.com\/analytics\/answer\/6004245\" target=\"_blank\" rel=\"noopener noreferrer\"><span>aqu\u00ed<\/span><\/a><span>&nbsp;.&nbsp;Si desea optar por el seguimiento de Google Analytics, visite la no aplicaci\u00f3n de Google Analytics a cabo&nbsp;<\/span><a href=\"https:\/\/tools.google.com\/dlpage\/gaoptout\" target=\"_blank\" rel=\"noopener noreferrer\"><span>la p\u00e1gina<\/span><\/a><span>&nbsp;.<\/span><\/p>    <h3 id=\"gdpr-contact\"><span>Informaci\u00f3n del contacto<\/span><\/h3>    <p><strong id=\"gdpr-dpa\"><span>Autoridad supervisora<\/span><\/strong><\/p>    <h3 id=\"gdpr-changes\"><span>Cambios a esta pol\u00edtica de privacidad<\/span><\/h3>    <p><span>Nos reservamos el derecho a modificar esta pol\u00edtica de privacidad.<\/span><br>    <span>La \u00faltima modificaci\u00f3n data del 25 de septiembre de 2020.<\/span><\/p>\n","protected":false},"excerpt":{"rendered":"<p>Sefmat se compromete a proteger su privacidad.&nbsp;Cont\u00e1ctenos en contact@ripagreen.com si tiene alguna pregunta o problema con respecto al uso de sus datos personales y estaremos encantados de ayudarle. Al utilizar [&hellip;]<\/p>\n","protected":false},"author":1,"featured_media":0,"parent":0,"menu_order":30,"comment_status":"closed","ping_status":"closed","template":"page-mentions.php","meta":{"_acf_changed":false,"footnotes":""},"class_list":["post-1302","page","type-page","status-publish","hentry"],"acf":[],"yoast_head":"<!-- This site is optimized with the Yoast SEO plugin v27.3 - https:\/\/yoast.com\/product\/yoast-seo-wordpress\/ -->\n<title>Pol\u00edtica de privacidad | Ripagreen<\/title>\n<meta name=\"robots\" content=\"index, follow, max-snippet:-1, max-image-preview:large, max-video-preview:-1\" \/>\n<link rel=\"canonical\" href=\"https:\/\/ripagreen.com\/es\/politica-de-privacidad\/\" \/>\n<meta property=\"og:locale\" content=\"es_ES\" \/>\n<meta property=\"og:type\" content=\"article\" \/>\n<meta property=\"og:title\" content=\"Pol\u00edtica de privacidad | Ripagreen\" \/>\n<meta property=\"og:description\" content=\"Sefmat se compromete a proteger su privacidad.&nbsp;Cont\u00e1ctenos en contact@ripagreen.com si tiene alguna pregunta o problema con respecto al uso de sus datos personales y estaremos encantados de ayudarle. Al utilizar [&hellip;]\" \/>\n<meta property=\"og:url\" content=\"https:\/\/ripagreen.com\/es\/politica-de-privacidad\/\" \/>\n<meta property=\"og:site_name\" content=\"Ripagreen\" \/>\n<meta property=\"article:modified_time\" content=\"2023-03-21T09:04:52+00:00\" \/>\n<meta property=\"og:image\" content=\"https:\/\/ripagreen.com\/wp-content\/uploads\/2023\/06\/ripagreen-logo-large-1.png\" \/>\n\t<meta property=\"og:image:width\" content=\"1200\" \/>\n\t<meta property=\"og:image:height\" content=\"675\" \/>\n\t<meta property=\"og:image:type\" content=\"image\/png\" \/>\n<meta name=\"twitter:card\" content=\"summary_large_image\" \/>\n<meta name=\"twitter:label1\" content=\"Tiempo de lectura\" \/>\n\t<meta name=\"twitter:data1\" content=\"11 minutos\" \/>\n<script type=\"application\/ld+json\" class=\"yoast-schema-graph\">{\"@context\":\"https:\\\/\\\/schema.org\",\"@graph\":[{\"@type\":\"WebPage\",\"@id\":\"https:\\\/\\\/ripagreen.com\\\/es\\\/politica-de-privacidad\\\/\",\"url\":\"https:\\\/\\\/ripagreen.com\\\/es\\\/politica-de-privacidad\\\/\",\"name\":\"Pol\u00edtica de privacidad | Ripagreen\",\"isPartOf\":{\"@id\":\"https:\\\/\\\/ripagreen.com\\\/#website\"},\"datePublished\":\"2023-03-20T10:08:05+00:00\",\"dateModified\":\"2023-03-21T09:04:52+00:00\",\"breadcrumb\":{\"@id\":\"https:\\\/\\\/ripagreen.com\\\/es\\\/politica-de-privacidad\\\/#breadcrumb\"},\"inLanguage\":\"es\",\"potentialAction\":[{\"@type\":\"ReadAction\",\"target\":[\"https:\\\/\\\/ripagreen.com\\\/es\\\/politica-de-privacidad\\\/\"]}]},{\"@type\":\"BreadcrumbList\",\"@id\":\"https:\\\/\\\/ripagreen.com\\\/es\\\/politica-de-privacidad\\\/#breadcrumb\",\"itemListElement\":[{\"@type\":\"ListItem\",\"position\":1,\"name\":\"Accueil\",\"item\":\"https:\\\/\\\/ripagreen.com\\\/es\\\/\"},{\"@type\":\"ListItem\",\"position\":2,\"name\":\"Pol\u00edtica de privacidad\"}]},{\"@type\":\"WebSite\",\"@id\":\"https:\\\/\\\/ripagreen.com\\\/#website\",\"url\":\"https:\\\/\\\/ripagreen.com\\\/\",\"name\":\"Ripagreen\",\"description\":\"Le d\u00e9sherbage thermique \u00e0 air chaud puls\u00e9\",\"publisher\":{\"@id\":\"https:\\\/\\\/ripagreen.com\\\/#organization\"},\"potentialAction\":[{\"@type\":\"SearchAction\",\"target\":{\"@type\":\"EntryPoint\",\"urlTemplate\":\"https:\\\/\\\/ripagreen.com\\\/?s={search_term_string}\"},\"query-input\":{\"@type\":\"PropertyValueSpecification\",\"valueRequired\":true,\"valueName\":\"search_term_string\"}}],\"inLanguage\":\"es\"},{\"@type\":\"Organization\",\"@id\":\"https:\\\/\\\/ripagreen.com\\\/#organization\",\"name\":\"Ripagreen\",\"alternateName\":\"Sefmat\",\"url\":\"https:\\\/\\\/ripagreen.com\\\/\",\"logo\":{\"@type\":\"ImageObject\",\"inLanguage\":\"es\",\"@id\":\"https:\\\/\\\/ripagreen.com\\\/#\\\/schema\\\/logo\\\/image\\\/\",\"url\":\"https:\\\/\\\/ripagreen.com\\\/wp-content\\\/uploads\\\/2023\\\/06\\\/ripagreen-logo-1.png\",\"contentUrl\":\"https:\\\/\\\/ripagreen.com\\\/wp-content\\\/uploads\\\/2023\\\/06\\\/ripagreen-logo-1.png\",\"width\":696,\"height\":696,\"caption\":\"Ripagreen\"},\"image\":{\"@id\":\"https:\\\/\\\/ripagreen.com\\\/#\\\/schema\\\/logo\\\/image\\\/\"}}]}<\/script>\n<!-- \/ Yoast SEO plugin. -->","yoast_head_json":{"title":"Pol\u00edtica de privacidad | Ripagreen","robots":{"index":"index","follow":"follow","max-snippet":"max-snippet:-1","max-image-preview":"max-image-preview:large","max-video-preview":"max-video-preview:-1"},"canonical":"https:\/\/ripagreen.com\/es\/politica-de-privacidad\/","og_locale":"es_ES","og_type":"article","og_title":"Pol\u00edtica de privacidad | Ripagreen","og_description":"Sefmat se compromete a proteger su privacidad.&nbsp;Cont\u00e1ctenos en contact@ripagreen.com si tiene alguna pregunta o problema con respecto al uso de sus datos personales y estaremos encantados de ayudarle. Al utilizar [&hellip;]","og_url":"https:\/\/ripagreen.com\/es\/politica-de-privacidad\/","og_site_name":"Ripagreen","article_modified_time":"2023-03-21T09:04:52+00:00","og_image":[{"width":1200,"height":675,"url":"https:\/\/ripagreen.com\/wp-content\/uploads\/2023\/06\/ripagreen-logo-large-1.png","type":"image\/png"}],"twitter_card":"summary_large_image","twitter_misc":{"Tiempo de lectura":"11 minutos"},"schema":{"@context":"https:\/\/schema.org","@graph":[{"@type":"WebPage","@id":"https:\/\/ripagreen.com\/es\/politica-de-privacidad\/","url":"https:\/\/ripagreen.com\/es\/politica-de-privacidad\/","name":"Pol\u00edtica de privacidad | Ripagreen","isPartOf":{"@id":"https:\/\/ripagreen.com\/#website"},"datePublished":"2023-03-20T10:08:05+00:00","dateModified":"2023-03-21T09:04:52+00:00","breadcrumb":{"@id":"https:\/\/ripagreen.com\/es\/politica-de-privacidad\/#breadcrumb"},"inLanguage":"es","potentialAction":[{"@type":"ReadAction","target":["https:\/\/ripagreen.com\/es\/politica-de-privacidad\/"]}]},{"@type":"BreadcrumbList","@id":"https:\/\/ripagreen.com\/es\/politica-de-privacidad\/#breadcrumb","itemListElement":[{"@type":"ListItem","position":1,"name":"Accueil","item":"https:\/\/ripagreen.com\/es\/"},{"@type":"ListItem","position":2,"name":"Pol\u00edtica de privacidad"}]},{"@type":"WebSite","@id":"https:\/\/ripagreen.com\/#website","url":"https:\/\/ripagreen.com\/","name":"Ripagreen","description":"Le d\u00e9sherbage thermique \u00e0 air chaud puls\u00e9","publisher":{"@id":"https:\/\/ripagreen.com\/#organization"},"potentialAction":[{"@type":"SearchAction","target":{"@type":"EntryPoint","urlTemplate":"https:\/\/ripagreen.com\/?s={search_term_string}"},"query-input":{"@type":"PropertyValueSpecification","valueRequired":true,"valueName":"search_term_string"}}],"inLanguage":"es"},{"@type":"Organization","@id":"https:\/\/ripagreen.com\/#organization","name":"Ripagreen","alternateName":"Sefmat","url":"https:\/\/ripagreen.com\/","logo":{"@type":"ImageObject","inLanguage":"es","@id":"https:\/\/ripagreen.com\/#\/schema\/logo\/image\/","url":"https:\/\/ripagreen.com\/wp-content\/uploads\/2023\/06\/ripagreen-logo-1.png","contentUrl":"https:\/\/ripagreen.com\/wp-content\/uploads\/2023\/06\/ripagreen-logo-1.png","width":696,"height":696,"caption":"Ripagreen"},"image":{"@id":"https:\/\/ripagreen.com\/#\/schema\/logo\/image\/"}}]}},"_links":{"self":[{"href":"https:\/\/ripagreen.com\/es\/wp-json\/wp\/v2\/pages\/1302","targetHints":{"allow":["GET"]}}],"collection":[{"href":"https:\/\/ripagreen.com\/es\/wp-json\/wp\/v2\/pages"}],"about":[{"href":"https:\/\/ripagreen.com\/es\/wp-json\/wp\/v2\/types\/page"}],"author":[{"embeddable":true,"href":"https:\/\/ripagreen.com\/es\/wp-json\/wp\/v2\/users\/1"}],"replies":[{"embeddable":true,"href":"https:\/\/ripagreen.com\/es\/wp-json\/wp\/v2\/comments?post=1302"}],"version-history":[{"count":0,"href":"https:\/\/ripagreen.com\/es\/wp-json\/wp\/v2\/pages\/1302\/revisions"}],"wp:attachment":[{"href":"https:\/\/ripagreen.com\/es\/wp-json\/wp\/v2\/media?parent=1302"}],"curies":[{"name":"wp","href":"https:\/\/api.w.org\/{rel}","templated":true}]}}