{"id":1292,"date":"2023-03-20T11:07:34","date_gmt":"2023-03-20T10:07:34","guid":{"rendered":"http:\/\/ripagreen.com\/legal-notices\/"},"modified":"2023-03-21T09:48:08","modified_gmt":"2023-03-21T08:48:08","slug":"aviso-legal","status":"publish","type":"page","link":"https:\/\/ripagreen.com\/es\/aviso-legal\/","title":{"rendered":"Aviso legal"},"content":{"rendered":"\n<h2>1. Presentaci\u00f3n del sitio.<\/h2><p>De conformidad con el art\u00edculo 6 de la ley francesa N.\u00ba 2004-575 del 21 de junio de 2004, sobre la confianza en la econom\u00eda digital, se informa a los usuarios del sitio web&nbsp;<a href=\"https:\/\/ripagreen.com\">ripagreen.com<\/a>&nbsp;de la identidad de las distintas partes que intervienen en su realizaci\u00f3n y seguimiento:<\/p><p><strong>Propietario<\/strong>:  Sefmat &#8211; 7 RUE DE BETNOMS 33185 LE HAILLAN<\/p><p><strong>Creador<\/strong>:&nbsp;<a href=\"https:\/\/www.fourmizz.fr\/\" target=\"_blank\" rel=\"noopener\">fourmizz.fr<\/a><\/p><p><strong>Responsable de la publicaci\u00f3n<\/strong>: Julien Marigot<\/p><p>El responsable de la publicaci\u00f3n es una persona f\u00edsica o jur\u00eddica.<\/p><p><strong>Empresa de hosting<\/strong>: OVH \u2013 2 rue Kellermann \u2013 59100 ROUBAIX \u2013 Francia<\/p><h2>2. Condiciones generales de uso del sitio y de los servicios ofrecidos.<\/h2><p>La utilizaci\u00f3n del sitio&nbsp;<a href=\"https:\/\/ripagreen.com\">ripagreen.com<\/a>&nbsp;implica la aceptaci\u00f3n plena y sin reservas de las condiciones generales de uso que se describen a continuaci\u00f3n. Estas condiciones de uso podr\u00e1n ser modificadas o completadas en cualquier momento, por lo que se invita a los usuarios del sitio&nbsp;<a href=\"https:\/\/ripagreen.com\">ripagreen.com<\/a>&nbsp;a consultarlas peri\u00f3dicamente.<\/p><p>Este sitio est\u00e1 normalmente accesible para los usuarios en todo momento. No obstante, Ripagreen podr\u00eda decidir una interrupci\u00f3n por razones de mantenimiento t\u00e9cnico, pero se esforzar\u00e1 por informar a los usuarios con antelaci\u00f3n de las fechas y horas de la intervenci\u00f3n.<\/p><p>Del mismo modo, los avisos legales podr\u00e1n ser modificados en cualquier momento; no obstante, son vinculantes para el usuario, al que se invita a consultarlos con la mayor frecuencia posible para estar informados de los mismos.<\/p><h2>3. Descripci\u00f3n de los servicios prestados.<\/h2><p>El sitio&nbsp;<a href=\"https:\/\/ripagreen.com\">ripagreen.com<\/a>&nbsp;tiene el objetivo de proporcionar informaci\u00f3n sobre todas las actividades de la empresa.<\/p><p>Ripagreen se esfuerza por proporcionar informaci\u00f3n lo m\u00e1s precisa posible en el sitio&nbsp;<a href=\"https:\/\/ripagreen.com\">ripagreen.com<\/a>. No obstante, no se har\u00e1 responsable de las omisiones, inexactitudes y carencias en la actualizaci\u00f3n, ya sean por causa suya o por la de terceros colaboradores que le proporcionen esa informaci\u00f3n.<\/p><p>Toda la informaci\u00f3n indicada en el sitio&nbsp;<a href=\"https:\/\/ripagreen.com\">ripagreen.com<\/a>&nbsp;se dan a t\u00edtulo informativo y podr\u00eda sufrir cambios. Por otro lado, la informaci\u00f3n que figura en el sitio&nbsp;<a href=\"https:\/\/ripagreen.com\">ripagreen.com<\/a>&nbsp;no es exhaustiva. Se proporciona con reserva de los cambios que se hayan podido aportar desde que se puso en l\u00ednea.<\/p><h2>4. Limitaciones contractuales de los datos t\u00e9cnicos.<\/h2><p>El sitio utiliza la tecnolog\u00eda JavaScript.<\/p><p>El sitio web no se hace responsable de ning\u00fan da\u00f1o material relacionado con el uso del sitio. Adem\u00e1s, el usuario del sitio se compromete a acceder al mismo utilizando un equipo reciente, libres de virus y con un navegador de \u00faltima generaci\u00f3n actualizado.<\/p><h2>5. Propiedad intelectual y falsificaciones.<\/h2><p>Ripagreen es titular de los derechos de propiedad intelectual o posee los derechos de uso de todos los elementos a los que se puede acceder en el sitio, en particular textos, im\u00e1genes, gr\u00e1ficos, logotipos, iconos, sonidos y softwares.<\/p><p>Est\u00e1 prohibida la reproducci\u00f3n, representaci\u00f3n, modificaci\u00f3n, publicaci\u00f3n, adaptaci\u00f3n total o parcial de los elementos del sitio, sea cual sea el medio o el procedimiento utilizado, salvo que se cuente con la autorizaci\u00f3n previa y por escrito de: Ripagreen.<\/p><p>Cualquier uso no autorizado del sitio o de cualquiera de los elementos que este contiene se considerar\u00e1 una falsificaci\u00f3n y ser\u00e1 perseguido de acuerdo con las disposiciones de los art\u00edculos L. 335-2 y siguientes del C\u00f3digo de la Propiedad Intelectual.<\/p><h2>6. Limitaciones de la responsabilidad<\/h2><p>Ripagreen no podr\u00e1 ser considerado responsable de los da\u00f1os directos o indirectos causados al material del usuario al acceder al sitio ripagreen.com, ya sean debidos al uso de material no conforme con las especificaciones indicadas en el punto 4, o bien a la aparici\u00f3n de un error de software o una incompatibilidad.<\/p><p>Ripagreen tampoco se har\u00e1 responsable de los da\u00f1os indirectos (como por ejemplo la p\u00e9rdida de mercado o la p\u00e9rdida de una oportunidad) derivados del uso del sitio&nbsp;<a href=\"https:\/\/ripagreen.com\">ripagreen.com<\/a>.<\/p><p>Los usuarios tienen a su disposici\u00f3n espacios interactivos (posibilidad de hacer preguntas en el \u00e1rea de contacto). Ripagreen se reserva el derecho de eliminar, sin previo aviso, cualquier contenido depositado en este espacio que contravenga la legislaci\u00f3n aplicable en Francia, en particular las disposiciones relativas a la protecci\u00f3n de datos. Si fuera necesario, Ripagreen se reserva tambi\u00e9n el derecho de responsabilizar al usuario en virtud del derecho civil o penal, en particular en caso de mensajes racistas, abusivos, difamatorios o pornogr\u00e1ficos, sin importar el soporte empleado (texto, fotograf\u00eda\u2026).<\/p><h2>7. Gesti\u00f3n de los datos personales.<\/h2><p>En Francia, los datos personales est\u00e1n protegidos por la ley n.\u00ba 78-87 del 6 de enero de 1978, la ley n.\u00ba 2004-801 del 6 de agosto de 2004, el art\u00edculo L. 226-13 del C\u00f3digo Penal y la Directiva Europea del 24 de octubre de 1995.<\/p><p>Al utilizar el sitio&nbsp;<a href=\"https:\/\/ripagreen.com\">ripagreen.com<\/a>, se pueden recoger los siguientes datos: la URL de los enlaces a trav\u00e9s de los cuales el usuario ha accedido al sitio&nbsp;<a href=\"https:\/\/ripagreen.com\">ripagreen.com<\/a>, el proveedor de acceso del usuario y la direcci\u00f3n de protocolo de internet (IP) del usuario.<\/p><p>En cualquier caso, Ripagreen solo recoge informaci\u00f3n personal relativa al usuario para poder proporcionar ciertos servicios que propone en el sitio&nbsp;<a href=\"https:\/\/ripagreen.com\">ripagreen.com<\/a>. El usuario proporciona esta informaci\u00f3n con pleno conocimiento de causa, en particular cuando la introduce \u00e9l mismo. Por ello, se le indica al usuario del sitio&nbsp;<a href=\"https:\/\/ripagreen.com\">ripagreen.com<\/a>&nbsp;si es o no obligatorio aportar dicha informaci\u00f3n.<\/p><p>De conformidad con lo dispuesto en los art\u00edculos 38 y siguientes de la ley francesa 78-17 del 6 de enero de 1978 relativa a la protecci\u00f3n de datos de car\u00e1cter personal, todos los usuarios tienen derecho de acceso, rectificaci\u00f3n y oposici\u00f3n a sus datos personales, que pueden ejercitar mediante solicitud escrita y firmada, acompa\u00f1ada de una copia del documento de identidad con firma del titular del documento, especificando la direcci\u00f3n a la que debe remitir la respuesta.<\/p><p>Ninguna informaci\u00f3n personal del usuario del sitio <a href=\"https:\/\/ripagreen.com\">ripagreen.com<\/a>&nbsp;ser\u00e1 publicada sin el conocimiento del usuario, ni intercambiada, transferida, cedida o vendida en ning\u00fan soporte a terceros. Solo en caso de que se produjera la adquisici\u00f3n de Ripagreen y de sus derechos ser\u00eda posible que esta informaci\u00f3n fuera transmitida al posible comprador, el cual deber\u00e1 a su vez cumplir la misma obligaci\u00f3n de conservar y modificar los datos para con el usuario del sitio&nbsp;<a href=\"https:\/\/ripagreen.com\">ripagreen.com<\/a>.<\/p><p>El sitio arriba citado est\u00e1 registrado en la CNIL con el n\u00famero 0123456789.<\/p><p>Las bases de datos est\u00e1n protegidas por las disposiciones de la ley del 1 de julio de 1998, que transpone la directiva 96\/9\/CE del 11 de marzo de 1996, relativa a la protecci\u00f3n jur\u00eddica de las bases de datos.<\/p><h2>8. Enlaces hipertexto y cookies.<\/h2><p>El sitio&nbsp;<a href=\"https:\/\/ripagreen.com\">ripagreen.com<\/a>&nbsp;contiene cierto n\u00famero de enlaces hipertexto a otros sitios, instalados con la autorizaci\u00f3n de Ripagreen. Sin embargo, Ripagreen no tiene ninguna posibilidad de verificar el contenido de los sitios que se visiten de este modo y, en consecuencia, no asumir\u00e1 ninguna responsabilidad que se pueda derivar de ello.<\/p><p>La navegaci\u00f3n en el sitio&nbsp;<a href=\"https:\/\/ripagreen.com\">ripagreen.com<\/a>&nbsp;puede conllevar que se instalen cookies en el ordenador del usuario. Una cookie es un archivo de peque\u00f1o tama\u00f1o que no permite la identificaci\u00f3n del usuario, pero que registra informaci\u00f3n relativa a la navegaci\u00f3n de un ordenador en un sitio. Los datos as\u00ed obtenidos tienen pretenden facilitar la posterior navegaci\u00f3n por el sitio y tambi\u00e9n permitir realizar diferentes mediciones de visitas.<\/p><p>Negarse a que se instale una cookie puede ocasionar que sea imposible acceder a determinados servicios. No obstante, el usuario puede configurar su ordenador de la siguiente forma para rechazar la instalaci\u00f3n de cookies:<\/p><p>En Internet Explorer: pesta\u00f1a herramientas (pictograma con forma de engranaje en la parte superior derecha) \/opciones de internet. Haga clic en Privacidad y elija Bloquear todas las cookies. Valide con Ok.<\/p><p>En Firefox: en la parte superior de la ventana del navegador, haga clic en el bot\u00f3n de Firefox y luego vaya a la pesta\u00f1a Opciones. Haga clic en la pesta\u00f1a Privacidad.<br>Establezca los par\u00e1metros de las reglas de conservaci\u00f3n en: utilizar la configuraci\u00f3n personalizada del historial. Para terminar, desact\u00edvela para deshabilitar las cookies.<\/p><p>En Safari: Haga clic en el pictograma de men\u00fa que est\u00e1 en la parte superior derecha del navegador (con el s\u00edmbolo de un engranaje). Seleccione Par\u00e1metros. Haga clic en Mostrar configuraci\u00f3n avanzada. En la secci\u00f3n \u00abConfidencialidad\u00bb, haga clic en Par\u00e1metros de contenido. En la secci\u00f3n \u00abCookies\u00bb, puede bloquear las cookies.<\/p><p>En Chrome: Haga clic en el pictograma de men\u00fa que est\u00e1 en la parte superior derecha del navegador (con el s\u00edmbolo de tres l\u00edneas horizontales). Seleccione Par\u00e1metros. Haga clic en Mostrar configuraci\u00f3n avanzada. En la secci\u00f3n \u00abConfidencialidad\u00bb, haga clic en preferencias. En la pesta\u00f1a \u00abConfidencialidad\u00bb, puede bloquear las cookies.<\/p><h2>9. Derecho aplicable y atribuci\u00f3n de jurisdicci\u00f3n.<\/h2><p>Cualquier litigio relacionado con el uso del sitio&nbsp;<a href=\"https:\/\/ripagreen.com\">ripagreen.com<\/a>&nbsp;estar\u00e1 sujeto a la legislaci\u00f3n francesa. Se atribuye la jurisdicci\u00f3n exclusiva a los tribunales competentes de Par\u00eds.<\/p><h2>10. Las principales leyes implicadas.<\/h2><p>Ley francesa n.\u00b0 78-17 del 6 de enero de 1978, modificada en particular por la ley francesa n.\u00b0 2004-801 del 6 de agosto de 2004 relativa a la protecci\u00f3n de datos.<\/p><p>Ley n.\u00b0 2004-575 del 21 de junio de 2004 sobre la confianza en la econom\u00eda digital.<\/p><h2>11. L\u00e9xico.<\/h2><p>Usuario: Internauta que se conecta utilizando el sitio arriba citado.<\/p><p>Datos personales: \u00abinformaci\u00f3n que permite, en cualquier forma, directa o indirectamente, identificar a las personas f\u00edsicas a las que concierne\u00bb (art\u00edculo 4 de la ley francesa n.\u00b0 78-17 del 6 de enero de 1978).<\/p>\n","protected":false},"excerpt":{"rendered":"<p>1. Presentaci\u00f3n del sitio. De conformidad con el art\u00edculo 6 de la ley francesa N.\u00ba 2004-575 del 21 de junio de 2004, sobre la confianza en la econom\u00eda digital, se [&hellip;]<\/p>\n","protected":false},"author":1,"featured_media":0,"parent":0,"menu_order":30,"comment_status":"closed","ping_status":"closed","template":"page-mentions.php","meta":{"_acf_changed":false,"footnotes":""},"class_list":["post-1292","page","type-page","status-publish","hentry"],"acf":[],"yoast_head":"<!-- This site is optimized with the Yoast SEO plugin v27.3 - https:\/\/yoast.com\/product\/yoast-seo-wordpress\/ -->\n<title>Aviso legal | Ripagreen<\/title>\n<meta name=\"robots\" content=\"index, follow, max-snippet:-1, max-image-preview:large, max-video-preview:-1\" \/>\n<link rel=\"canonical\" href=\"https:\/\/ripagreen.com\/es\/aviso-legal\/\" \/>\n<meta property=\"og:locale\" content=\"es_ES\" \/>\n<meta property=\"og:type\" content=\"article\" \/>\n<meta property=\"og:title\" content=\"Aviso legal | Ripagreen\" \/>\n<meta property=\"og:description\" content=\"1. Presentaci\u00f3n del sitio. De conformidad con el art\u00edculo 6 de la ley francesa N.\u00ba 2004-575 del 21 de junio de 2004, sobre la confianza en la econom\u00eda digital, se [&hellip;]\" \/>\n<meta property=\"og:url\" content=\"https:\/\/ripagreen.com\/es\/aviso-legal\/\" \/>\n<meta property=\"og:site_name\" content=\"Ripagreen\" \/>\n<meta property=\"article:modified_time\" content=\"2023-03-21T08:48:08+00:00\" \/>\n<meta property=\"og:image\" content=\"https:\/\/ripagreen.com\/wp-content\/uploads\/2023\/06\/ripagreen-logo-large-1.png\" \/>\n\t<meta property=\"og:image:width\" content=\"1200\" \/>\n\t<meta property=\"og:image:height\" content=\"675\" \/>\n\t<meta property=\"og:image:type\" content=\"image\/png\" \/>\n<meta name=\"twitter:card\" content=\"summary_large_image\" \/>\n<meta name=\"twitter:label1\" content=\"Tiempo de lectura\" \/>\n\t<meta name=\"twitter:data1\" content=\"8 minutos\" \/>\n<script type=\"application\/ld+json\" class=\"yoast-schema-graph\">{\"@context\":\"https:\\\/\\\/schema.org\",\"@graph\":[{\"@type\":\"WebPage\",\"@id\":\"https:\\\/\\\/ripagreen.com\\\/es\\\/aviso-legal\\\/\",\"url\":\"https:\\\/\\\/ripagreen.com\\\/es\\\/aviso-legal\\\/\",\"name\":\"Aviso legal | Ripagreen\",\"isPartOf\":{\"@id\":\"https:\\\/\\\/ripagreen.com\\\/#website\"},\"datePublished\":\"2023-03-20T10:07:34+00:00\",\"dateModified\":\"2023-03-21T08:48:08+00:00\",\"breadcrumb\":{\"@id\":\"https:\\\/\\\/ripagreen.com\\\/es\\\/aviso-legal\\\/#breadcrumb\"},\"inLanguage\":\"es\",\"potentialAction\":[{\"@type\":\"ReadAction\",\"target\":[\"https:\\\/\\\/ripagreen.com\\\/es\\\/aviso-legal\\\/\"]}]},{\"@type\":\"BreadcrumbList\",\"@id\":\"https:\\\/\\\/ripagreen.com\\\/es\\\/aviso-legal\\\/#breadcrumb\",\"itemListElement\":[{\"@type\":\"ListItem\",\"position\":1,\"name\":\"Accueil\",\"item\":\"https:\\\/\\\/ripagreen.com\\\/es\\\/\"},{\"@type\":\"ListItem\",\"position\":2,\"name\":\"Aviso legal\"}]},{\"@type\":\"WebSite\",\"@id\":\"https:\\\/\\\/ripagreen.com\\\/#website\",\"url\":\"https:\\\/\\\/ripagreen.com\\\/\",\"name\":\"Ripagreen\",\"description\":\"Le d\u00e9sherbage thermique \u00e0 air chaud puls\u00e9\",\"publisher\":{\"@id\":\"https:\\\/\\\/ripagreen.com\\\/#organization\"},\"potentialAction\":[{\"@type\":\"SearchAction\",\"target\":{\"@type\":\"EntryPoint\",\"urlTemplate\":\"https:\\\/\\\/ripagreen.com\\\/?s={search_term_string}\"},\"query-input\":{\"@type\":\"PropertyValueSpecification\",\"valueRequired\":true,\"valueName\":\"search_term_string\"}}],\"inLanguage\":\"es\"},{\"@type\":\"Organization\",\"@id\":\"https:\\\/\\\/ripagreen.com\\\/#organization\",\"name\":\"Ripagreen\",\"alternateName\":\"Sefmat\",\"url\":\"https:\\\/\\\/ripagreen.com\\\/\",\"logo\":{\"@type\":\"ImageObject\",\"inLanguage\":\"es\",\"@id\":\"https:\\\/\\\/ripagreen.com\\\/#\\\/schema\\\/logo\\\/image\\\/\",\"url\":\"https:\\\/\\\/ripagreen.com\\\/wp-content\\\/uploads\\\/2023\\\/06\\\/ripagreen-logo-1.png\",\"contentUrl\":\"https:\\\/\\\/ripagreen.com\\\/wp-content\\\/uploads\\\/2023\\\/06\\\/ripagreen-logo-1.png\",\"width\":696,\"height\":696,\"caption\":\"Ripagreen\"},\"image\":{\"@id\":\"https:\\\/\\\/ripagreen.com\\\/#\\\/schema\\\/logo\\\/image\\\/\"}}]}<\/script>\n<!-- \/ Yoast SEO plugin. -->","yoast_head_json":{"title":"Aviso legal | Ripagreen","robots":{"index":"index","follow":"follow","max-snippet":"max-snippet:-1","max-image-preview":"max-image-preview:large","max-video-preview":"max-video-preview:-1"},"canonical":"https:\/\/ripagreen.com\/es\/aviso-legal\/","og_locale":"es_ES","og_type":"article","og_title":"Aviso legal | Ripagreen","og_description":"1. Presentaci\u00f3n del sitio. De conformidad con el art\u00edculo 6 de la ley francesa N.\u00ba 2004-575 del 21 de junio de 2004, sobre la confianza en la econom\u00eda digital, se [&hellip;]","og_url":"https:\/\/ripagreen.com\/es\/aviso-legal\/","og_site_name":"Ripagreen","article_modified_time":"2023-03-21T08:48:08+00:00","og_image":[{"width":1200,"height":675,"url":"https:\/\/ripagreen.com\/wp-content\/uploads\/2023\/06\/ripagreen-logo-large-1.png","type":"image\/png"}],"twitter_card":"summary_large_image","twitter_misc":{"Tiempo de lectura":"8 minutos"},"schema":{"@context":"https:\/\/schema.org","@graph":[{"@type":"WebPage","@id":"https:\/\/ripagreen.com\/es\/aviso-legal\/","url":"https:\/\/ripagreen.com\/es\/aviso-legal\/","name":"Aviso legal | Ripagreen","isPartOf":{"@id":"https:\/\/ripagreen.com\/#website"},"datePublished":"2023-03-20T10:07:34+00:00","dateModified":"2023-03-21T08:48:08+00:00","breadcrumb":{"@id":"https:\/\/ripagreen.com\/es\/aviso-legal\/#breadcrumb"},"inLanguage":"es","potentialAction":[{"@type":"ReadAction","target":["https:\/\/ripagreen.com\/es\/aviso-legal\/"]}]},{"@type":"BreadcrumbList","@id":"https:\/\/ripagreen.com\/es\/aviso-legal\/#breadcrumb","itemListElement":[{"@type":"ListItem","position":1,"name":"Accueil","item":"https:\/\/ripagreen.com\/es\/"},{"@type":"ListItem","position":2,"name":"Aviso legal"}]},{"@type":"WebSite","@id":"https:\/\/ripagreen.com\/#website","url":"https:\/\/ripagreen.com\/","name":"Ripagreen","description":"Le d\u00e9sherbage thermique \u00e0 air chaud puls\u00e9","publisher":{"@id":"https:\/\/ripagreen.com\/#organization"},"potentialAction":[{"@type":"SearchAction","target":{"@type":"EntryPoint","urlTemplate":"https:\/\/ripagreen.com\/?s={search_term_string}"},"query-input":{"@type":"PropertyValueSpecification","valueRequired":true,"valueName":"search_term_string"}}],"inLanguage":"es"},{"@type":"Organization","@id":"https:\/\/ripagreen.com\/#organization","name":"Ripagreen","alternateName":"Sefmat","url":"https:\/\/ripagreen.com\/","logo":{"@type":"ImageObject","inLanguage":"es","@id":"https:\/\/ripagreen.com\/#\/schema\/logo\/image\/","url":"https:\/\/ripagreen.com\/wp-content\/uploads\/2023\/06\/ripagreen-logo-1.png","contentUrl":"https:\/\/ripagreen.com\/wp-content\/uploads\/2023\/06\/ripagreen-logo-1.png","width":696,"height":696,"caption":"Ripagreen"},"image":{"@id":"https:\/\/ripagreen.com\/#\/schema\/logo\/image\/"}}]}},"_links":{"self":[{"href":"https:\/\/ripagreen.com\/es\/wp-json\/wp\/v2\/pages\/1292","targetHints":{"allow":["GET"]}}],"collection":[{"href":"https:\/\/ripagreen.com\/es\/wp-json\/wp\/v2\/pages"}],"about":[{"href":"https:\/\/ripagreen.com\/es\/wp-json\/wp\/v2\/types\/page"}],"author":[{"embeddable":true,"href":"https:\/\/ripagreen.com\/es\/wp-json\/wp\/v2\/users\/1"}],"replies":[{"embeddable":true,"href":"https:\/\/ripagreen.com\/es\/wp-json\/wp\/v2\/comments?post=1292"}],"version-history":[{"count":0,"href":"https:\/\/ripagreen.com\/es\/wp-json\/wp\/v2\/pages\/1292\/revisions"}],"wp:attachment":[{"href":"https:\/\/ripagreen.com\/es\/wp-json\/wp\/v2\/media?parent=1292"}],"curies":[{"name":"wp","href":"https:\/\/api.w.org\/{rel}","templated":true}]}}