{"id":3202,"date":"2026-02-11T14:50:14","date_gmt":"2026-02-11T13:50:14","guid":{"rendered":"https:\/\/ripagreen.com\/assistance\/formation-digitale\/"},"modified":"2026-03-13T15:46:10","modified_gmt":"2026-03-13T14:46:10","slug":"digital-training","status":"publish","type":"page","link":"https:\/\/ripagreen.com\/en\/assistance\/digital-training\/","title":{"rendered":"Digital training"},"content":{"rendered":"\n<p class=\"has-medium-font-size\"><strong>Join our Ripagreen digital training and become more productive from your very next weeding operations.<\/strong><\/p>\n\n\n\n<p><strong>In only 30 minutes, discover:<\/strong><\/p>\n\n\n\n<ul class=\"wp-block-list\">\n<li><strong>Best practices<\/strong><br>Weed effectively in 2 seconds with our Ripagreen thermal weeding technology<\/li>\n\n\n\n<li><strong>Mistakes to avoid<\/strong><br>Weed safely<em>&nbsp;<\/em><\/li>\n\n\n\n<li><strong>The importance of gas cylinder pressure<\/strong><br>Weed easily with the right settings<\/li>\n\n\n\n<li><strong>Maintenance of your equipment<\/strong><br>Maintain your Ripagreen equipment for high-quality work and long-lasting tools.<\/li>\n<\/ul>\n\n\n\n<div class=\"wp-block-group formationWrap is-content-justification-center is-layout-flex wp-container-core-group-is-layout-64b26803 wp-block-group-is-layout-flex\">\n<div class=\"wp-block-group is-vertical is-content-justification-center is-nowrap is-layout-flex wp-container-core-group-is-layout-e862386f wp-block-group-is-layout-flex\">\n<p class=\"has-text-align-center\"><strong><br>The training is FREE* <\/strong><br><strong>when you register your Ripagreen lance:&nbsp;<\/strong><\/p>\n\n\n\n<div class=\"wp-block-buttons is-content-justification-center is-layout-flex wp-container-core-buttons-is-layout-16018d1d wp-block-buttons-is-layout-flex\">\n<div class=\"wp-block-button\"><a class=\"wp-block-button__link wp-element-button\" href=\"https:\/\/ripagreen.com\/en\/register-a-product\/\">Register a product<\/a><\/div>\n<\/div>\n<\/div>\n<\/div>\n\n\n\n<p class=\"motivationWord has-text-color has-link-color has-medium-font-size wp-elements-bfd1c2b03d5800f97d990dddfe16303a\" style=\"color:#9ebf43\"><strong>Optimize your field performance today.<\/strong><\/p>\n\n\n\n<p><em>*<em>Valid for 1 year<\/em><\/em><\/p>\n","protected":false},"excerpt":{"rendered":"<p>Join our Ripagreen digital training and become more productive from your very next weeding operations. In only 30 minutes, discover: The training is FREE* when you register your Ripagreen lance:&nbsp; [&hellip;]<\/p>\n","protected":false},"author":1,"featured_media":0,"parent":3094,"menu_order":0,"comment_status":"closed","ping_status":"closed","template":"page-assistance-formation.php","meta":{"_acf_changed":false,"footnotes":""},"class_list":["post-3202","page","type-page","status-publish","hentry"],"acf":[],"yoast_head":"<!-- This site is optimized with the Yoast SEO plugin v27.3 - https:\/\/yoast.com\/product\/yoast-seo-wordpress\/ -->\n<title>Digital training | Ripagreen<\/title>\n<meta name=\"robots\" content=\"index, follow, max-snippet:-1, max-image-preview:large, max-video-preview:-1\" \/>\n<link rel=\"canonical\" href=\"https:\/\/ripagreen.com\/en\/assistance\/digital-training\/\" \/>\n<meta property=\"og:locale\" content=\"en_US\" \/>\n<meta property=\"og:type\" content=\"article\" \/>\n<meta property=\"og:title\" content=\"Digital training | Ripagreen\" \/>\n<meta property=\"og:description\" content=\"Join our Ripagreen digital training and become more productive from your very next weeding operations. In only 30 minutes, discover: The training is FREE* when you register your Ripagreen lance:&nbsp; [&hellip;]\" \/>\n<meta property=\"og:url\" content=\"https:\/\/ripagreen.com\/en\/assistance\/digital-training\/\" \/>\n<meta property=\"og:site_name\" content=\"Ripagreen\" \/>\n<meta property=\"article:modified_time\" content=\"2026-03-13T14:46:10+00:00\" \/>\n<meta property=\"og:image\" content=\"https:\/\/ripagreen.com\/wp-content\/uploads\/2023\/06\/ripagreen-logo-large-1.png\" \/>\n\t<meta property=\"og:image:width\" content=\"1200\" \/>\n\t<meta property=\"og:image:height\" content=\"675\" \/>\n\t<meta property=\"og:image:type\" content=\"image\/png\" \/>\n<meta name=\"twitter:card\" content=\"summary_large_image\" \/>\n<meta name=\"twitter:label1\" content=\"Est. reading time\" \/>\n\t<meta name=\"twitter:data1\" content=\"1 minute\" \/>\n<script type=\"application\/ld+json\" class=\"yoast-schema-graph\">{\"@context\":\"https:\\\/\\\/schema.org\",\"@graph\":[{\"@type\":\"WebPage\",\"@id\":\"https:\\\/\\\/ripagreen.com\\\/en\\\/assistance\\\/digital-training\\\/\",\"url\":\"https:\\\/\\\/ripagreen.com\\\/en\\\/assistance\\\/digital-training\\\/\",\"name\":\"Digital training | Ripagreen\",\"isPartOf\":{\"@id\":\"https:\\\/\\\/ripagreen.com\\\/#website\"},\"datePublished\":\"2026-02-11T13:50:14+00:00\",\"dateModified\":\"2026-03-13T14:46:10+00:00\",\"breadcrumb\":{\"@id\":\"https:\\\/\\\/ripagreen.com\\\/en\\\/assistance\\\/digital-training\\\/#breadcrumb\"},\"inLanguage\":\"en-US\",\"potentialAction\":[{\"@type\":\"ReadAction\",\"target\":[\"https:\\\/\\\/ripagreen.com\\\/en\\\/assistance\\\/digital-training\\\/\"]}]},{\"@type\":\"BreadcrumbList\",\"@id\":\"https:\\\/\\\/ripagreen.com\\\/en\\\/assistance\\\/digital-training\\\/#breadcrumb\",\"itemListElement\":[{\"@type\":\"ListItem\",\"position\":1,\"name\":\"Accueil\",\"item\":\"https:\\\/\\\/ripagreen.com\\\/en\\\/\"},{\"@type\":\"ListItem\",\"position\":2,\"name\":\"Assistance\",\"item\":\"https:\\\/\\\/ripagreen.com\\\/en\\\/assistance\\\/\"},{\"@type\":\"ListItem\",\"position\":3,\"name\":\"Digital training\"}]},{\"@type\":\"WebSite\",\"@id\":\"https:\\\/\\\/ripagreen.com\\\/#website\",\"url\":\"https:\\\/\\\/ripagreen.com\\\/\",\"name\":\"Ripagreen\",\"description\":\"Le d\u00e9sherbage thermique \u00e0 air chaud puls\u00e9\",\"publisher\":{\"@id\":\"https:\\\/\\\/ripagreen.com\\\/#organization\"},\"potentialAction\":[{\"@type\":\"SearchAction\",\"target\":{\"@type\":\"EntryPoint\",\"urlTemplate\":\"https:\\\/\\\/ripagreen.com\\\/?s={search_term_string}\"},\"query-input\":{\"@type\":\"PropertyValueSpecification\",\"valueRequired\":true,\"valueName\":\"search_term_string\"}}],\"inLanguage\":\"en-US\"},{\"@type\":\"Organization\",\"@id\":\"https:\\\/\\\/ripagreen.com\\\/#organization\",\"name\":\"Ripagreen\",\"alternateName\":\"Sefmat\",\"url\":\"https:\\\/\\\/ripagreen.com\\\/\",\"logo\":{\"@type\":\"ImageObject\",\"inLanguage\":\"en-US\",\"@id\":\"https:\\\/\\\/ripagreen.com\\\/#\\\/schema\\\/logo\\\/image\\\/\",\"url\":\"https:\\\/\\\/ripagreen.com\\\/wp-content\\\/uploads\\\/2023\\\/06\\\/ripagreen-logo-1.png\",\"contentUrl\":\"https:\\\/\\\/ripagreen.com\\\/wp-content\\\/uploads\\\/2023\\\/06\\\/ripagreen-logo-1.png\",\"width\":696,\"height\":696,\"caption\":\"Ripagreen\"},\"image\":{\"@id\":\"https:\\\/\\\/ripagreen.com\\\/#\\\/schema\\\/logo\\\/image\\\/\"}}]}<\/script>\n<!-- \/ Yoast SEO plugin. -->","yoast_head_json":{"title":"Digital training | Ripagreen","robots":{"index":"index","follow":"follow","max-snippet":"max-snippet:-1","max-image-preview":"max-image-preview:large","max-video-preview":"max-video-preview:-1"},"canonical":"https:\/\/ripagreen.com\/en\/assistance\/digital-training\/","og_locale":"en_US","og_type":"article","og_title":"Digital training | Ripagreen","og_description":"Join our Ripagreen digital training and become more productive from your very next weeding operations. In only 30 minutes, discover: The training is FREE* when you register your Ripagreen lance:&nbsp; [&hellip;]","og_url":"https:\/\/ripagreen.com\/en\/assistance\/digital-training\/","og_site_name":"Ripagreen","article_modified_time":"2026-03-13T14:46:10+00:00","og_image":[{"width":1200,"height":675,"url":"https:\/\/ripagreen.com\/wp-content\/uploads\/2023\/06\/ripagreen-logo-large-1.png","type":"image\/png"}],"twitter_card":"summary_large_image","twitter_misc":{"Est. reading time":"1 minute"},"schema":{"@context":"https:\/\/schema.org","@graph":[{"@type":"WebPage","@id":"https:\/\/ripagreen.com\/en\/assistance\/digital-training\/","url":"https:\/\/ripagreen.com\/en\/assistance\/digital-training\/","name":"Digital training | Ripagreen","isPartOf":{"@id":"https:\/\/ripagreen.com\/#website"},"datePublished":"2026-02-11T13:50:14+00:00","dateModified":"2026-03-13T14:46:10+00:00","breadcrumb":{"@id":"https:\/\/ripagreen.com\/en\/assistance\/digital-training\/#breadcrumb"},"inLanguage":"en-US","potentialAction":[{"@type":"ReadAction","target":["https:\/\/ripagreen.com\/en\/assistance\/digital-training\/"]}]},{"@type":"BreadcrumbList","@id":"https:\/\/ripagreen.com\/en\/assistance\/digital-training\/#breadcrumb","itemListElement":[{"@type":"ListItem","position":1,"name":"Accueil","item":"https:\/\/ripagreen.com\/en\/"},{"@type":"ListItem","position":2,"name":"Assistance","item":"https:\/\/ripagreen.com\/en\/assistance\/"},{"@type":"ListItem","position":3,"name":"Digital training"}]},{"@type":"WebSite","@id":"https:\/\/ripagreen.com\/#website","url":"https:\/\/ripagreen.com\/","name":"Ripagreen","description":"Le d\u00e9sherbage thermique \u00e0 air chaud puls\u00e9","publisher":{"@id":"https:\/\/ripagreen.com\/#organization"},"potentialAction":[{"@type":"SearchAction","target":{"@type":"EntryPoint","urlTemplate":"https:\/\/ripagreen.com\/?s={search_term_string}"},"query-input":{"@type":"PropertyValueSpecification","valueRequired":true,"valueName":"search_term_string"}}],"inLanguage":"en-US"},{"@type":"Organization","@id":"https:\/\/ripagreen.com\/#organization","name":"Ripagreen","alternateName":"Sefmat","url":"https:\/\/ripagreen.com\/","logo":{"@type":"ImageObject","inLanguage":"en-US","@id":"https:\/\/ripagreen.com\/#\/schema\/logo\/image\/","url":"https:\/\/ripagreen.com\/wp-content\/uploads\/2023\/06\/ripagreen-logo-1.png","contentUrl":"https:\/\/ripagreen.com\/wp-content\/uploads\/2023\/06\/ripagreen-logo-1.png","width":696,"height":696,"caption":"Ripagreen"},"image":{"@id":"https:\/\/ripagreen.com\/#\/schema\/logo\/image\/"}}]}},"_links":{"self":[{"href":"https:\/\/ripagreen.com\/en\/wp-json\/wp\/v2\/pages\/3202","targetHints":{"allow":["GET"]}}],"collection":[{"href":"https:\/\/ripagreen.com\/en\/wp-json\/wp\/v2\/pages"}],"about":[{"href":"https:\/\/ripagreen.com\/en\/wp-json\/wp\/v2\/types\/page"}],"author":[{"embeddable":true,"href":"https:\/\/ripagreen.com\/en\/wp-json\/wp\/v2\/users\/1"}],"replies":[{"embeddable":true,"href":"https:\/\/ripagreen.com\/en\/wp-json\/wp\/v2\/comments?post=3202"}],"version-history":[{"count":5,"href":"https:\/\/ripagreen.com\/en\/wp-json\/wp\/v2\/pages\/3202\/revisions"}],"predecessor-version":[{"id":3268,"href":"https:\/\/ripagreen.com\/en\/wp-json\/wp\/v2\/pages\/3202\/revisions\/3268"}],"up":[{"embeddable":true,"href":"https:\/\/ripagreen.com\/en\/wp-json\/wp\/v2\/pages\/3094"}],"wp:attachment":[{"href":"https:\/\/ripagreen.com\/en\/wp-json\/wp\/v2\/media?parent=3202"}],"curies":[{"name":"wp","href":"https:\/\/api.w.org\/{rel}","templated":true}]}}