{"id":3070,"date":"2026-01-15T11:02:05","date_gmt":"2026-01-15T10:02:05","guid":{"rendered":"https:\/\/ripagreen.com\/?page_id=3070"},"modified":"2026-01-16T11:10:35","modified_gmt":"2026-01-16T10:10:35","slug":"charta-des-kundenservice-benutzer","status":"publish","type":"page","link":"https:\/\/ripagreen.com\/de\/support\/charta-des-kundenservice-benutzer\/","title":{"rendered":"CHARTA DES KUNDENSERVICE (Benutzer)"},"content":{"rendered":"\n<p>Die vorliegende SEFMAT-Kundendienstcharta legt die Regeln f\u00fcr R\u00fcckgabeantr\u00e4ge und die praktischen Verfahren f\u00fcr die R\u00fcckgabe eines Produkts im Rahmen des Kundendienstes fest.<\/p>\n\n\n\n<p>Die folgenden Begriffe haben die ihnen in dieser Definition zugewiesene Bedeutung:<\/p>\n\n\n\n<p><strong>H\u00f6here Gewalt: <\/strong>Ein Ereignis, das die folgenden 3 Merkmale aufweist: Nicht vorhersehbar (unvorhersehbar) Nicht \u00fcberwindbar (unwiderstehlich) \u00c4u\u00dferes Ereignis, das au\u00dferhalb der Kontrolle der betroffenen Person liegt.<\/p>\n\n\n\n<p><strong>Kunde<\/strong>: bezeichnet die K\u00e4ufer, die Gewerbetreibende im Sinne des franz\u00f6sischen Verbraucherschutzgesetzes sind und einen Vertrag (wie unten definiert) mit dem Vertriebspartner (wie unten definiert) abschlie\u00dfen.<\/p>\n\n\n\n<p><strong>Lieferant<\/strong>: ist die Firma SEFMAT, eine vereinfachte Aktiengesellschaft mit Sitz in der 7 rue de Betnoms in Le Haillan (33185) Frankreich und eingetragen im Handels- und Gesellschaftsregister von Bordeaux unter der Nummer 320 696 594.<\/p>\n\n\n\n<p><strong>Vertriebspartner<\/strong>: der Wiederverk\u00e4ufer der vom SEFMAT-Lieferanten erworbenen Produkte.<\/p>\n\n\n\n<p><strong>Produkt<\/strong>: die Ware (oder ein Teil dieser Ware), die Gegenstand des Auftrags ist und im Katalog, auf der Website und in den technischen Datenbl\u00e4ttern des Lieferanten beschrieben ist.<\/p>\n\n\n\n<h2 class=\"wp-block-heading\">1. REGELN F\u00dcR GARANTIE<\/h2>\n\n\n\n<p><strong>1.1 <\/strong><span style=\"font-size: revert; color: initial; font-family: -apple-system, BlinkMacSystemFont, &quot;Segoe UI&quot;, Roboto, Oxygen-Sans, Ubuntu, Cantarell, &quot;Helvetica Neue&quot;, sans-serif;\">F\u00fcr die von der SEFMAT-Gruppe gelieferten Produkte gilt eine gesetzliche Garantie von einem (1) Jahr ab dem <\/span><strong style=\"font-size: revert; color: initial; font-family: -apple-system, BlinkMacSystemFont, &quot;Segoe UI&quot;, Roboto, Oxygen-Sans, Ubuntu, Cantarell, &quot;Helvetica Neue&quot;, sans-serif;\">Datum der Rechnungsstellung<\/strong><span style=\"font-size: revert; color: initial; font-family: -apple-system, BlinkMacSystemFont, &quot;Segoe UI&quot;, Roboto, Oxygen-Sans, Ubuntu, Cantarell, &quot;Helvetica Neue&quot;, sans-serif;\"> durch den H\u00e4ndler, die sich auf Konformit\u00e4tsm\u00e4ngel und alle versteckten M\u00e4ngel erstreckt, die auf Material-, Konstruktions- oder Herstellungsfehler zur\u00fcckzuf\u00fchren sind, die die Produkte beeintr\u00e4chtigen und sie f\u00fcr den Gebrauch untauglich machen.<\/span><\/p>\n\n\n\n<p><strong>1.2<\/strong> <span style=\"font-size: revert; color: initial; font-family: -apple-system, BlinkMacSystemFont, &quot;Segoe UI&quot;, Roboto, Oxygen-Sans, Ubuntu, Cantarell, &quot;Helvetica Neue&quot;, sans-serif;\">Eine zus\u00e4tzliche vertragliche Garantiezeit wird in manchen F\u00e4llen im Abschnitt &#8222;GARANTIE&#8220; der Gebrauchsanweisung f\u00fcr das betreffende Produkt angegeben.<\/span><\/p>\n\n\n\n<p><strong>1.3<\/strong> Jegliche Gew\u00e4hrleistung ist ausgeschlossen bei nicht bestimmungsgem\u00e4\u00dfer Verwendung des Produkts, bei Verwendung unter anderen Bedingungen als denen, f\u00fcr die es hergestellt wurde (insbesondere bei Nichteinhaltung der in der Gebrauchsanweisung vorgeschriebenen Bedingungen), bei Nachl\u00e4ssigkeit oder mangelnder Wartung durch den Kunden sowie bei normaler Abnutzung des Produkts oder h\u00f6herer Gewalt und bei Verschlechterung oder Unfall infolge von St\u00f6\u00dfen, St\u00fcrzen, Nachl\u00e4ssigkeit, mangelnder \u00dcberwachung oder Wartung oder Ver\u00e4nderung des Produkts.<\/p>\n\n\n\n<p><strong>Au\u00dferdem ausgeschlossen:<\/strong><\/p>\n\n\n\n<ul class=\"wp-block-list\">\n<li>Verschlei\u00dfteile, die in den jeweiligen Gebrauchsanweisungen angegeben sind.<\/li>\n\n\n\n<li>Zubeh\u00f6rteile, die nach dem Kauf des Produkts hinzugef\u00fcgt wurden (ggf. gilt eine spezifische Garantie f\u00fcr das betreffende Zubeh\u00f6rteil).<\/li>\n\n\n\n<li>\u00c4nderungen am Produkt, insbesondere Modifikationen oder der Einbau von Teilen, die nicht vom Hersteller geliefert wurden.<\/li>\n\n\n\n<li>Die Verwendung eines SEFMAT-Produkts oder eines seiner Ersatzteile, das nicht den Normen des jeweiligen Landes entspricht.<\/li>\n\n\n\n<li>Vorhandene Reparaturen am Produkt, die nicht von RIPAGREEN\u00ae durchgef\u00fchrt wurden.<\/li>\n\n\n\n<li>Produkte, die nicht mehr mit dem Etikett oder der Identifikationsnummer (S\/N) versehen sind, oder Produkte, deren Nummer ge\u00e4ndert wurde.<\/li>\n<\/ul>\n\n\n\n<p><strong>1.4<\/strong> Um seine Rechte geltend zu machen, muss der Kunde, der K\u00e4ufer des SEFMAT-Produkts, uns unter Androhung des Verfalls jeglicher Anspr\u00fcche in Bezug auf dieses Produkt innerhalb einer Frist <strong>von h\u00f6chstens sieben (7) Tagen nach ihrer<\/strong> Entdeckung schriftlich unter der folgenden Adresse <a href=\"mailto:info@sefmat.com\">info@sefmat.com<\/a>\u00a0\u00fcber das Vorhandensein der M\u00e4ngel informieren.<\/p>\n\n\n\n<p><strong>1.5<\/strong> Diese Garantie deckt die Kosten f\u00fcr die Reparatur des Produkts (Teile, Arbeit und R\u00fccksendekosten, wobei der Kunde die Versandkosten zu uns zu tragen hat) oder den Ersatz des Produkts (f\u00fcr den Fall, dass es nicht repariert werden kann). Sie gibt dem Kunden keinen Anspruch auf eine Entsch\u00e4digung in Form von Sach- oder Geldleistungen.<\/p>\n\n\n\n<p><strong>1.6<\/strong> Der Ersatz der Produkte hat nicht zur Folge, dass sich die Dauer der vorgenannten Garantie verl\u00e4ngert.<\/p>\n\n\n\n<p><strong>1.7<\/strong> Die Garantie bildet eine untrennbare Einheit mit dem von SEFMAT oder seinem Vertragsh\u00e4ndler verkauften Produkt. Das Produkt darf nicht ver\u00e4ndert, umgewandelt oder modifiziert verkauft oder weiterverkauft werden.<\/p>\n\n\n\n<p><strong>1.8<\/strong> Wir k\u00f6nnen die Haftung unserer autorisierten Partner oder unserer Produktionsst\u00e4tte nur \u00fcbernehmen, wenn alle Teile, aus denen Ihr Produkt zum Zeitpunkt des Kaufs bestand, an uns zur\u00fcckgeschickt werden. Ohne die vollst\u00e4ndige R\u00fccksendung k\u00f6nnen wir die Garantie nicht anerkennen.<\/p>\n\n\n\n<p><strong>1.9<\/strong> Die Gesellschaft Sefmat kann insbesondere in folgenden F\u00e4llen nicht haftbar gemacht werden:<\/p>\n\n\n\n<ul class=\"wp-block-list\">\n<li>Nichteinhaltung der Gesetzgebung des Landes, in dem die Produkte verwendet werden.<\/li>\n<\/ul>\n\n\n\n<h2 class=\"wp-block-heading\">2.\u00a0WIE KANN ICH DEN SEFMAT-KUNDENDIENST IN ANSPRUCH NEHMEN?<\/h2>\n\n\n\n<p>Im falle von funktionsst\u00f6rungen der produkte, die nicht durch eine vertragliche oder gesetzliche garantie abgedeckt sind, bietet sefmat einen kundendienst an (im folgenden &#8222;kundendienst&#8220; genannt).<\/p>\n\n\n\n<p>Im falle einer produktst\u00f6rung stellt sefmat n\u00fctzliche informationen wie <a href=\"https:\/\/ripagreen.com\/de\/unterstutzung\/tutorials\/\">tutorials<\/a>, fehlerdiagnose oder anleitungen im support-bereich der website ripagreen.com zur verf\u00fcgung.<\/p>\n\n\n\n<p>Wenn sie die informationen, die sie zur l\u00f6sung ihres problems ben\u00f6tigen, nicht finden, k\u00f6nnen sie sich zun\u00e4chst \u00fcber das formular &#8222;servicekontakt&#8220; an ihren h\u00e4ndler oder die serviceabteilung von sefmat wenden.<\/p>\n\n\n\n<p>Sobald Sie dieses Online-Formular ausgef\u00fcllt haben, erhalten Sie eine Nachverfolgungsnummer, die f\u00fcr die Verwaltung und Analyse Ihres Produkts verwendet wird. Diese Nummer muss dem zur\u00fcckgesandten Produkt beigef\u00fcgt werden.<\/p>\n\n\n\n<p>Sobald die Analyse abgeschlossen ist, wird Ihnen \u00fcber Ihren H\u00e4ndler ein Kostenvoranschlag zugesandt, wenn das Produkt au\u00dferhalb der Garantie oder des Geltungsbereichs liegt. <strong>Wenn Sie das Angebot ablehnen, k\u00f6nnen Ihnen die Kosten f\u00fcr die Analyse in Rechnung gestellt werden.<\/strong><\/p>\n\n\n\n<h2 class=\"wp-block-heading\">3. <strong>RIPAGREEN&#8217;S R\u00dcCKGABEBEDINGUNGEN<\/strong><\/h2>\n\n\n\n<p><strong>3.1<\/strong> Kunden, die ein Produkt zur\u00fcckgeben m\u00f6chten, m\u00fcssen auf der Website <a href=\"https:\/\/www.ripagreen.com\">www.ripagreen.com<\/a> im Abschnitt &#8222;SUPPORT&#8220; unter &#8220; <a href=\"https:\/\/ripagreen.com\/de\/unterstutzung\/kontakt-kundendienst\/\">Kontakt-Kundendienst<\/a>&#8220; ein R\u00fcckgabeformular ausf\u00fcllen und dabei Folgendes angeben:<\/p>\n\n\n\n<ul class=\"wp-block-list\">\n<li>Die Originalrechnung des H\u00e4ndlers,<\/li>\n\n\n\n<li>Die Produktbezeichnung und die Menge,<\/li>\n\n\n\n<li>Den genauen und detaillierten Grund f\u00fcr den R\u00fcckgabeantrag,<\/li>\n\n\n\n<li>Den Zustand des Produkts und die Produktseriennummer (S\/N).<\/li>\n\n\n\n<li>Alle Teile, die beim Kauf des Produkts mitgeliefert wurden <strong>(z. B. bei einer Pistole: R\u00fcckgabe des Reglers, des Drehgelenks, des Schlauchs, der Pistole und der Verl\u00e4ngerung, falls verwendet)<\/strong>.<\/li>\n<\/ul>\n\n\n\n<p><strong>3.2<\/strong> Ohne die Kundendienstnummer, die Sie auf Ihre Anfrage im Bereich SUPPORT erhalten haben, kann keine R\u00fccksendung erfolgen. Ab dem Datum der Erstellung der Datei verf\u00fcgt der Kunde \u00fcber eine Frist von f\u00fcnfzehn (15) Arbeitstagen, um das Produkt gem\u00e4\u00df den im obigen Artikel 3.1 festgelegten Bedingungen zur\u00fcckzusenden. Jede versp\u00e4tete oder unvollst\u00e4ndige R\u00fccksendung wird systematisch abgelehnt.<\/p>\n","protected":false},"excerpt":{"rendered":"<p>Die vorliegende SEFMAT-Kundendienstcharta legt die Regeln f\u00fcr R\u00fcckgabeantr\u00e4ge und die praktischen Verfahren f\u00fcr die R\u00fcckgabe eines Produkts im Rahmen des Kundendienstes fest. Die folgenden Begriffe haben die ihnen in dieser [&hellip;]<\/p>\n","protected":false},"author":1,"featured_media":0,"parent":3098,"menu_order":0,"comment_status":"closed","ping_status":"closed","template":"page-assistance-charte.php","meta":{"_acf_changed":false,"footnotes":""},"class_list":["post-3070","page","type-page","status-publish","hentry"],"acf":[],"yoast_head":"<!-- This site is optimized with the Yoast SEO plugin v27.3 - https:\/\/yoast.com\/product\/yoast-seo-wordpress\/ -->\n<title>CHARTA DES KUNDENSERVICE (Benutzer) | Ripagreen<\/title>\n<meta name=\"robots\" content=\"index, follow, max-snippet:-1, max-image-preview:large, max-video-preview:-1\" \/>\n<link rel=\"canonical\" href=\"https:\/\/ripagreen.com\/de\/charta-des-kundenservice-benutzer\/\" \/>\n<meta property=\"og:locale\" content=\"de_DE\" \/>\n<meta property=\"og:type\" content=\"article\" \/>\n<meta property=\"og:title\" content=\"CHARTA DES KUNDENSERVICE (Benutzer) | Ripagreen\" \/>\n<meta property=\"og:description\" content=\"Die vorliegende SEFMAT-Kundendienstcharta legt die Regeln f\u00fcr R\u00fcckgabeantr\u00e4ge und die praktischen Verfahren f\u00fcr die R\u00fcckgabe eines Produkts im Rahmen des Kundendienstes fest. Die folgenden Begriffe haben die ihnen in dieser [&hellip;]\" \/>\n<meta property=\"og:url\" content=\"https:\/\/ripagreen.com\/de\/charta-des-kundenservice-benutzer\/\" \/>\n<meta property=\"og:site_name\" content=\"Ripagreen\" \/>\n<meta property=\"article:modified_time\" content=\"2026-01-16T10:10:35+00:00\" \/>\n<meta property=\"og:image\" content=\"https:\/\/ripagreen.com\/wp-content\/uploads\/2023\/06\/ripagreen-logo-large-1.png\" \/>\n\t<meta property=\"og:image:width\" content=\"1200\" \/>\n\t<meta property=\"og:image:height\" content=\"675\" \/>\n\t<meta property=\"og:image:type\" content=\"image\/png\" \/>\n<meta name=\"twitter:card\" content=\"summary_large_image\" \/>\n<meta name=\"twitter:label1\" content=\"Gesch\u00e4tzte Lesezeit\" \/>\n\t<meta name=\"twitter:data1\" content=\"5\u00a0Minuten\" \/>\n<script type=\"application\/ld+json\" class=\"yoast-schema-graph\">{\"@context\":\"https:\\\/\\\/schema.org\",\"@graph\":[{\"@type\":\"WebPage\",\"@id\":\"https:\\\/\\\/ripagreen.com\\\/de\\\/charta-des-kundenservice-benutzer\\\/\",\"url\":\"https:\\\/\\\/ripagreen.com\\\/de\\\/charta-des-kundenservice-benutzer\\\/\",\"name\":\"CHARTA DES KUNDENSERVICE (Benutzer) | Ripagreen\",\"isPartOf\":{\"@id\":\"https:\\\/\\\/ripagreen.com\\\/#website\"},\"datePublished\":\"2026-01-15T10:02:05+00:00\",\"dateModified\":\"2026-01-16T10:10:35+00:00\",\"breadcrumb\":{\"@id\":\"https:\\\/\\\/ripagreen.com\\\/de\\\/charta-des-kundenservice-benutzer\\\/#breadcrumb\"},\"inLanguage\":\"de\",\"potentialAction\":[{\"@type\":\"ReadAction\",\"target\":[\"https:\\\/\\\/ripagreen.com\\\/de\\\/charta-des-kundenservice-benutzer\\\/\"]}]},{\"@type\":\"BreadcrumbList\",\"@id\":\"https:\\\/\\\/ripagreen.com\\\/de\\\/charta-des-kundenservice-benutzer\\\/#breadcrumb\",\"itemListElement\":[{\"@type\":\"ListItem\",\"position\":1,\"name\":\"Accueil\",\"item\":\"https:\\\/\\\/ripagreen.com\\\/de\\\/\"},{\"@type\":\"ListItem\",\"position\":2,\"name\":\"CHARTA DES KUNDENSERVICE (Benutzer)\"}]},{\"@type\":\"WebSite\",\"@id\":\"https:\\\/\\\/ripagreen.com\\\/#website\",\"url\":\"https:\\\/\\\/ripagreen.com\\\/\",\"name\":\"Ripagreen\",\"description\":\"Le d\u00e9sherbage thermique \u00e0 air chaud puls\u00e9\",\"publisher\":{\"@id\":\"https:\\\/\\\/ripagreen.com\\\/#organization\"},\"potentialAction\":[{\"@type\":\"SearchAction\",\"target\":{\"@type\":\"EntryPoint\",\"urlTemplate\":\"https:\\\/\\\/ripagreen.com\\\/?s={search_term_string}\"},\"query-input\":{\"@type\":\"PropertyValueSpecification\",\"valueRequired\":true,\"valueName\":\"search_term_string\"}}],\"inLanguage\":\"de\"},{\"@type\":\"Organization\",\"@id\":\"https:\\\/\\\/ripagreen.com\\\/#organization\",\"name\":\"Ripagreen\",\"alternateName\":\"Sefmat\",\"url\":\"https:\\\/\\\/ripagreen.com\\\/\",\"logo\":{\"@type\":\"ImageObject\",\"inLanguage\":\"de\",\"@id\":\"https:\\\/\\\/ripagreen.com\\\/#\\\/schema\\\/logo\\\/image\\\/\",\"url\":\"https:\\\/\\\/ripagreen.com\\\/wp-content\\\/uploads\\\/2023\\\/06\\\/ripagreen-logo-1.png\",\"contentUrl\":\"https:\\\/\\\/ripagreen.com\\\/wp-content\\\/uploads\\\/2023\\\/06\\\/ripagreen-logo-1.png\",\"width\":696,\"height\":696,\"caption\":\"Ripagreen\"},\"image\":{\"@id\":\"https:\\\/\\\/ripagreen.com\\\/#\\\/schema\\\/logo\\\/image\\\/\"}}]}<\/script>\n<!-- \/ Yoast SEO plugin. -->","yoast_head_json":{"title":"CHARTA DES KUNDENSERVICE (Benutzer) | Ripagreen","robots":{"index":"index","follow":"follow","max-snippet":"max-snippet:-1","max-image-preview":"max-image-preview:large","max-video-preview":"max-video-preview:-1"},"canonical":"https:\/\/ripagreen.com\/de\/charta-des-kundenservice-benutzer\/","og_locale":"de_DE","og_type":"article","og_title":"CHARTA DES KUNDENSERVICE (Benutzer) | Ripagreen","og_description":"Die vorliegende SEFMAT-Kundendienstcharta legt die Regeln f\u00fcr R\u00fcckgabeantr\u00e4ge und die praktischen Verfahren f\u00fcr die R\u00fcckgabe eines Produkts im Rahmen des Kundendienstes fest. Die folgenden Begriffe haben die ihnen in dieser [&hellip;]","og_url":"https:\/\/ripagreen.com\/de\/charta-des-kundenservice-benutzer\/","og_site_name":"Ripagreen","article_modified_time":"2026-01-16T10:10:35+00:00","og_image":[{"width":1200,"height":675,"url":"https:\/\/ripagreen.com\/wp-content\/uploads\/2023\/06\/ripagreen-logo-large-1.png","type":"image\/png"}],"twitter_card":"summary_large_image","twitter_misc":{"Gesch\u00e4tzte Lesezeit":"5\u00a0Minuten"},"schema":{"@context":"https:\/\/schema.org","@graph":[{"@type":"WebPage","@id":"https:\/\/ripagreen.com\/de\/charta-des-kundenservice-benutzer\/","url":"https:\/\/ripagreen.com\/de\/charta-des-kundenservice-benutzer\/","name":"CHARTA DES KUNDENSERVICE (Benutzer) | Ripagreen","isPartOf":{"@id":"https:\/\/ripagreen.com\/#website"},"datePublished":"2026-01-15T10:02:05+00:00","dateModified":"2026-01-16T10:10:35+00:00","breadcrumb":{"@id":"https:\/\/ripagreen.com\/de\/charta-des-kundenservice-benutzer\/#breadcrumb"},"inLanguage":"de","potentialAction":[{"@type":"ReadAction","target":["https:\/\/ripagreen.com\/de\/charta-des-kundenservice-benutzer\/"]}]},{"@type":"BreadcrumbList","@id":"https:\/\/ripagreen.com\/de\/charta-des-kundenservice-benutzer\/#breadcrumb","itemListElement":[{"@type":"ListItem","position":1,"name":"Accueil","item":"https:\/\/ripagreen.com\/de\/"},{"@type":"ListItem","position":2,"name":"CHARTA DES KUNDENSERVICE (Benutzer)"}]},{"@type":"WebSite","@id":"https:\/\/ripagreen.com\/#website","url":"https:\/\/ripagreen.com\/","name":"Ripagreen","description":"Le d\u00e9sherbage thermique \u00e0 air chaud puls\u00e9","publisher":{"@id":"https:\/\/ripagreen.com\/#organization"},"potentialAction":[{"@type":"SearchAction","target":{"@type":"EntryPoint","urlTemplate":"https:\/\/ripagreen.com\/?s={search_term_string}"},"query-input":{"@type":"PropertyValueSpecification","valueRequired":true,"valueName":"search_term_string"}}],"inLanguage":"de"},{"@type":"Organization","@id":"https:\/\/ripagreen.com\/#organization","name":"Ripagreen","alternateName":"Sefmat","url":"https:\/\/ripagreen.com\/","logo":{"@type":"ImageObject","inLanguage":"de","@id":"https:\/\/ripagreen.com\/#\/schema\/logo\/image\/","url":"https:\/\/ripagreen.com\/wp-content\/uploads\/2023\/06\/ripagreen-logo-1.png","contentUrl":"https:\/\/ripagreen.com\/wp-content\/uploads\/2023\/06\/ripagreen-logo-1.png","width":696,"height":696,"caption":"Ripagreen"},"image":{"@id":"https:\/\/ripagreen.com\/#\/schema\/logo\/image\/"}}]}},"_links":{"self":[{"href":"https:\/\/ripagreen.com\/de\/wp-json\/wp\/v2\/pages\/3070","targetHints":{"allow":["GET"]}}],"collection":[{"href":"https:\/\/ripagreen.com\/de\/wp-json\/wp\/v2\/pages"}],"about":[{"href":"https:\/\/ripagreen.com\/de\/wp-json\/wp\/v2\/types\/page"}],"author":[{"embeddable":true,"href":"https:\/\/ripagreen.com\/de\/wp-json\/wp\/v2\/users\/1"}],"replies":[{"embeddable":true,"href":"https:\/\/ripagreen.com\/de\/wp-json\/wp\/v2\/comments?post=3070"}],"version-history":[{"count":1,"href":"https:\/\/ripagreen.com\/de\/wp-json\/wp\/v2\/pages\/3070\/revisions"}],"predecessor-version":[{"id":3071,"href":"https:\/\/ripagreen.com\/de\/wp-json\/wp\/v2\/pages\/3070\/revisions\/3071"}],"up":[{"embeddable":true,"href":"https:\/\/ripagreen.com\/de\/wp-json\/wp\/v2\/pages\/3098"}],"wp:attachment":[{"href":"https:\/\/ripagreen.com\/de\/wp-json\/wp\/v2\/media?parent=3070"}],"curies":[{"name":"wp","href":"https:\/\/api.w.org\/{rel}","templated":true}]}}