{"id":1266,"date":"2022-10-31T10:06:12","date_gmt":"2022-10-31T09:06:12","guid":{"rendered":"http:\/\/ripagreen.com\/enregistrer-un-produit\/"},"modified":"2026-02-26T10:47:14","modified_gmt":"2026-02-26T09:47:14","slug":"ein-produkt-registrieren","status":"publish","type":"page","link":"https:\/\/ripagreen.com\/de\/ein-produkt-registrieren\/","title":{"rendered":"Ein Produkt registrieren"},"content":{"rendered":"\n<p>Durch die Registrierung Ihres Produkts profitieren Sie von einer zus\u00e4tzlichen Garantie von 1 Jahr* sowie von einer kostenlosen digitalen Schulung f\u00fcr Ihre Bediener.<\/p>\n\n\n\n<p><em>*F\u00fcr alle K\u00e4ufe, die vor weniger als 2 Jahren get\u00e4tigt wurden<\/em><\/p>\n","protected":false},"excerpt":{"rendered":"<p>Durch die Registrierung Ihres Produkts profitieren Sie von einer zus\u00e4tzlichen Garantie von 1 Jahr* sowie von einer kostenlosen digitalen Schulung f\u00fcr Ihre Bediener. *F\u00fcr alle K\u00e4ufe, die vor weniger als [&hellip;]<\/p>\n","protected":false},"author":1,"featured_media":0,"parent":0,"menu_order":12,"comment_status":"closed","ping_status":"closed","template":"page-garantie.php","meta":{"_acf_changed":false,"footnotes":""},"class_list":["post-1266","page","type-page","status-publish","hentry"],"acf":[],"yoast_head":"<!-- This site is optimized with the Yoast SEO plugin v27.4 - https:\/\/yoast.com\/product\/yoast-seo-wordpress\/ -->\n<title>Ein Produkt registrieren | Ripagreen<\/title>\n<meta name=\"description\" content=\"Alle unsere thermischen Unkrautvernichter mit Hei\u00dfluftpulsation von Ripagreen sind r\u00fcckverfolgbar und garantiert. Registrieren Sie Ihre Ripagreen-Produkte.\" \/>\n<meta name=\"robots\" content=\"index, follow, max-snippet:-1, max-image-preview:large, max-video-preview:-1\" \/>\n<link rel=\"canonical\" href=\"https:\/\/ripagreen.com\/de\/ein-produkt-registrieren\/\" \/>\n<meta property=\"og:locale\" content=\"de_DE\" \/>\n<meta property=\"og:type\" content=\"article\" \/>\n<meta property=\"og:title\" content=\"Ein Produkt registrieren | Ripagreen\" \/>\n<meta property=\"og:description\" content=\"Alle unsere thermischen Unkrautvernichter mit Hei\u00dfluftpulsation von Ripagreen sind r\u00fcckverfolgbar und garantiert. Registrieren Sie Ihre Ripagreen-Produkte.\" \/>\n<meta property=\"og:url\" content=\"https:\/\/ripagreen.com\/de\/ein-produkt-registrieren\/\" \/>\n<meta property=\"og:site_name\" content=\"Ripagreen\" \/>\n<meta property=\"article:modified_time\" content=\"2026-02-26T09:47:14+00:00\" \/>\n<meta property=\"og:image\" content=\"https:\/\/ripagreen.com\/wp-content\/uploads\/2023\/06\/ripagreen-logo-large-1.png\" \/>\n\t<meta property=\"og:image:width\" content=\"1200\" \/>\n\t<meta property=\"og:image:height\" content=\"675\" \/>\n\t<meta property=\"og:image:type\" content=\"image\/png\" \/>\n<meta name=\"twitter:card\" content=\"summary_large_image\" \/>\n<meta name=\"twitter:label1\" content=\"Gesch\u00e4tzte Lesezeit\" \/>\n\t<meta name=\"twitter:data1\" content=\"1\u00a0Minute\" \/>\n<script type=\"application\/ld+json\" class=\"yoast-schema-graph\">{\"@context\":\"https:\\\/\\\/schema.org\",\"@graph\":[{\"@type\":\"WebPage\",\"@id\":\"https:\\\/\\\/ripagreen.com\\\/de\\\/ein-produkt-registrieren\\\/\",\"url\":\"https:\\\/\\\/ripagreen.com\\\/de\\\/ein-produkt-registrieren\\\/\",\"name\":\"Ein Produkt registrieren | Ripagreen\",\"isPartOf\":{\"@id\":\"https:\\\/\\\/ripagreen.com\\\/#website\"},\"datePublished\":\"2022-10-31T09:06:12+00:00\",\"dateModified\":\"2026-02-26T09:47:14+00:00\",\"description\":\"Alle unsere thermischen Unkrautvernichter mit Hei\u00dfluftpulsation von Ripagreen sind r\u00fcckverfolgbar und garantiert. Registrieren Sie Ihre Ripagreen-Produkte.\",\"breadcrumb\":{\"@id\":\"https:\\\/\\\/ripagreen.com\\\/de\\\/ein-produkt-registrieren\\\/#breadcrumb\"},\"inLanguage\":\"de\",\"potentialAction\":[{\"@type\":\"ReadAction\",\"target\":[\"https:\\\/\\\/ripagreen.com\\\/de\\\/ein-produkt-registrieren\\\/\"]}]},{\"@type\":\"BreadcrumbList\",\"@id\":\"https:\\\/\\\/ripagreen.com\\\/de\\\/ein-produkt-registrieren\\\/#breadcrumb\",\"itemListElement\":[{\"@type\":\"ListItem\",\"position\":1,\"name\":\"Accueil\",\"item\":\"https:\\\/\\\/ripagreen.com\\\/de\\\/\"},{\"@type\":\"ListItem\",\"position\":2,\"name\":\"Ein Produkt registrieren\"}]},{\"@type\":\"WebSite\",\"@id\":\"https:\\\/\\\/ripagreen.com\\\/#website\",\"url\":\"https:\\\/\\\/ripagreen.com\\\/\",\"name\":\"Ripagreen\",\"description\":\"Le d\u00e9sherbage thermique \u00e0 air chaud puls\u00e9\",\"publisher\":{\"@id\":\"https:\\\/\\\/ripagreen.com\\\/#organization\"},\"potentialAction\":[{\"@type\":\"SearchAction\",\"target\":{\"@type\":\"EntryPoint\",\"urlTemplate\":\"https:\\\/\\\/ripagreen.com\\\/?s={search_term_string}\"},\"query-input\":{\"@type\":\"PropertyValueSpecification\",\"valueRequired\":true,\"valueName\":\"search_term_string\"}}],\"inLanguage\":\"de\"},{\"@type\":\"Organization\",\"@id\":\"https:\\\/\\\/ripagreen.com\\\/#organization\",\"name\":\"Ripagreen\",\"alternateName\":\"Sefmat\",\"url\":\"https:\\\/\\\/ripagreen.com\\\/\",\"logo\":{\"@type\":\"ImageObject\",\"inLanguage\":\"de\",\"@id\":\"https:\\\/\\\/ripagreen.com\\\/#\\\/schema\\\/logo\\\/image\\\/\",\"url\":\"https:\\\/\\\/ripagreen.com\\\/wp-content\\\/uploads\\\/2023\\\/06\\\/ripagreen-logo-1.png\",\"contentUrl\":\"https:\\\/\\\/ripagreen.com\\\/wp-content\\\/uploads\\\/2023\\\/06\\\/ripagreen-logo-1.png\",\"width\":696,\"height\":696,\"caption\":\"Ripagreen\"},\"image\":{\"@id\":\"https:\\\/\\\/ripagreen.com\\\/#\\\/schema\\\/logo\\\/image\\\/\"}}]}<\/script>\n<!-- \/ Yoast SEO plugin. -->","yoast_head_json":{"title":"Ein Produkt registrieren | Ripagreen","description":"Alle unsere thermischen Unkrautvernichter mit Hei\u00dfluftpulsation von Ripagreen sind r\u00fcckverfolgbar und garantiert. Registrieren Sie Ihre Ripagreen-Produkte.","robots":{"index":"index","follow":"follow","max-snippet":"max-snippet:-1","max-image-preview":"max-image-preview:large","max-video-preview":"max-video-preview:-1"},"canonical":"https:\/\/ripagreen.com\/de\/ein-produkt-registrieren\/","og_locale":"de_DE","og_type":"article","og_title":"Ein Produkt registrieren | Ripagreen","og_description":"Alle unsere thermischen Unkrautvernichter mit Hei\u00dfluftpulsation von Ripagreen sind r\u00fcckverfolgbar und garantiert. Registrieren Sie Ihre Ripagreen-Produkte.","og_url":"https:\/\/ripagreen.com\/de\/ein-produkt-registrieren\/","og_site_name":"Ripagreen","article_modified_time":"2026-02-26T09:47:14+00:00","og_image":[{"width":1200,"height":675,"url":"https:\/\/ripagreen.com\/wp-content\/uploads\/2023\/06\/ripagreen-logo-large-1.png","type":"image\/png"}],"twitter_card":"summary_large_image","twitter_misc":{"Gesch\u00e4tzte Lesezeit":"1\u00a0Minute"},"schema":{"@context":"https:\/\/schema.org","@graph":[{"@type":"WebPage","@id":"https:\/\/ripagreen.com\/de\/ein-produkt-registrieren\/","url":"https:\/\/ripagreen.com\/de\/ein-produkt-registrieren\/","name":"Ein Produkt registrieren | Ripagreen","isPartOf":{"@id":"https:\/\/ripagreen.com\/#website"},"datePublished":"2022-10-31T09:06:12+00:00","dateModified":"2026-02-26T09:47:14+00:00","description":"Alle unsere thermischen Unkrautvernichter mit Hei\u00dfluftpulsation von Ripagreen sind r\u00fcckverfolgbar und garantiert. Registrieren Sie Ihre Ripagreen-Produkte.","breadcrumb":{"@id":"https:\/\/ripagreen.com\/de\/ein-produkt-registrieren\/#breadcrumb"},"inLanguage":"de","potentialAction":[{"@type":"ReadAction","target":["https:\/\/ripagreen.com\/de\/ein-produkt-registrieren\/"]}]},{"@type":"BreadcrumbList","@id":"https:\/\/ripagreen.com\/de\/ein-produkt-registrieren\/#breadcrumb","itemListElement":[{"@type":"ListItem","position":1,"name":"Accueil","item":"https:\/\/ripagreen.com\/de\/"},{"@type":"ListItem","position":2,"name":"Ein Produkt registrieren"}]},{"@type":"WebSite","@id":"https:\/\/ripagreen.com\/#website","url":"https:\/\/ripagreen.com\/","name":"Ripagreen","description":"Le d\u00e9sherbage thermique \u00e0 air chaud puls\u00e9","publisher":{"@id":"https:\/\/ripagreen.com\/#organization"},"potentialAction":[{"@type":"SearchAction","target":{"@type":"EntryPoint","urlTemplate":"https:\/\/ripagreen.com\/?s={search_term_string}"},"query-input":{"@type":"PropertyValueSpecification","valueRequired":true,"valueName":"search_term_string"}}],"inLanguage":"de"},{"@type":"Organization","@id":"https:\/\/ripagreen.com\/#organization","name":"Ripagreen","alternateName":"Sefmat","url":"https:\/\/ripagreen.com\/","logo":{"@type":"ImageObject","inLanguage":"de","@id":"https:\/\/ripagreen.com\/#\/schema\/logo\/image\/","url":"https:\/\/ripagreen.com\/wp-content\/uploads\/2023\/06\/ripagreen-logo-1.png","contentUrl":"https:\/\/ripagreen.com\/wp-content\/uploads\/2023\/06\/ripagreen-logo-1.png","width":696,"height":696,"caption":"Ripagreen"},"image":{"@id":"https:\/\/ripagreen.com\/#\/schema\/logo\/image\/"}}]}},"_links":{"self":[{"href":"https:\/\/ripagreen.com\/de\/wp-json\/wp\/v2\/pages\/1266","targetHints":{"allow":["GET"]}}],"collection":[{"href":"https:\/\/ripagreen.com\/de\/wp-json\/wp\/v2\/pages"}],"about":[{"href":"https:\/\/ripagreen.com\/de\/wp-json\/wp\/v2\/types\/page"}],"author":[{"embeddable":true,"href":"https:\/\/ripagreen.com\/de\/wp-json\/wp\/v2\/users\/1"}],"replies":[{"embeddable":true,"href":"https:\/\/ripagreen.com\/de\/wp-json\/wp\/v2\/comments?post=1266"}],"version-history":[{"count":2,"href":"https:\/\/ripagreen.com\/de\/wp-json\/wp\/v2\/pages\/1266\/revisions"}],"predecessor-version":[{"id":3226,"href":"https:\/\/ripagreen.com\/de\/wp-json\/wp\/v2\/pages\/1266\/revisions\/3226"}],"wp:attachment":[{"href":"https:\/\/ripagreen.com\/de\/wp-json\/wp\/v2\/media?parent=1266"}],"curies":[{"name":"wp","href":"https:\/\/api.w.org\/{rel}","templated":true}]}}