{"id":1117,"date":"2022-10-31T09:51:26","date_gmt":"2022-10-31T08:51:26","guid":{"rendered":"http:\/\/ripagreen.com\/demander-un-devis\/"},"modified":"2023-05-24T15:59:49","modified_gmt":"2023-05-24T13:59:49","slug":"fordern-sie-ein-angebot-an","status":"publish","type":"page","link":"https:\/\/ripagreen.com\/de\/fordern-sie-ein-angebot-an\/","title":{"rendered":"Fordern Sie ein Angebot an"},"content":{"rendered":"","protected":false},"excerpt":{"rendered":"","protected":false},"author":1,"featured_media":0,"parent":0,"menu_order":8,"comment_status":"closed","ping_status":"closed","template":"page-demande-devis.php","meta":{"_acf_changed":false,"footnotes":""},"class_list":["post-1117","page","type-page","status-publish","hentry"],"acf":[],"yoast_head":"<!-- This site is optimized with the Yoast SEO plugin v27.4 - https:\/\/yoast.com\/product\/yoast-seo-wordpress\/ -->\n<title>Fordern Sie ein Angebot an | Ripagreen<\/title>\n<meta name=\"description\" content=\"Fordern Sie ein Angebot f\u00fcr das Ripagreen Hei\u00dfluftgebl\u00e4se-Thermo-Unkrautvernichter-Paket an, das Sie interessiert, um alle Informationen zu erhalten.\" \/>\n<meta name=\"robots\" content=\"index, follow, max-snippet:-1, max-image-preview:large, max-video-preview:-1\" \/>\n<link rel=\"canonical\" href=\"https:\/\/ripagreen.com\/de\/fordern-sie-ein-angebot-an\/\" \/>\n<meta property=\"og:locale\" content=\"de_DE\" \/>\n<meta property=\"og:type\" content=\"article\" \/>\n<meta property=\"og:title\" content=\"Fordern Sie ein Angebot an | Ripagreen\" \/>\n<meta property=\"og:description\" content=\"Fordern Sie ein Angebot f\u00fcr das Ripagreen Hei\u00dfluftgebl\u00e4se-Thermo-Unkrautvernichter-Paket an, das Sie interessiert, um alle Informationen zu erhalten.\" \/>\n<meta property=\"og:url\" content=\"https:\/\/ripagreen.com\/de\/fordern-sie-ein-angebot-an\/\" \/>\n<meta property=\"og:site_name\" content=\"Ripagreen\" \/>\n<meta property=\"article:modified_time\" content=\"2023-05-24T13:59:49+00:00\" \/>\n<meta property=\"og:image\" content=\"https:\/\/ripagreen.com\/wp-content\/uploads\/2023\/06\/ripagreen-logo-large-1.png\" \/>\n\t<meta property=\"og:image:width\" content=\"1200\" \/>\n\t<meta property=\"og:image:height\" content=\"675\" \/>\n\t<meta property=\"og:image:type\" content=\"image\/png\" \/>\n<meta name=\"twitter:card\" content=\"summary_large_image\" \/>\n<script type=\"application\/ld+json\" class=\"yoast-schema-graph\">{\"@context\":\"https:\\\/\\\/schema.org\",\"@graph\":[{\"@type\":\"WebPage\",\"@id\":\"https:\\\/\\\/ripagreen.com\\\/de\\\/fordern-sie-ein-angebot-an\\\/\",\"url\":\"https:\\\/\\\/ripagreen.com\\\/de\\\/fordern-sie-ein-angebot-an\\\/\",\"name\":\"Fordern Sie ein Angebot an | Ripagreen\",\"isPartOf\":{\"@id\":\"https:\\\/\\\/ripagreen.com\\\/#website\"},\"datePublished\":\"2022-10-31T08:51:26+00:00\",\"dateModified\":\"2023-05-24T13:59:49+00:00\",\"description\":\"Fordern Sie ein Angebot f\u00fcr das Ripagreen Hei\u00dfluftgebl\u00e4se-Thermo-Unkrautvernichter-Paket an, das Sie interessiert, um alle Informationen zu erhalten.\",\"breadcrumb\":{\"@id\":\"https:\\\/\\\/ripagreen.com\\\/de\\\/fordern-sie-ein-angebot-an\\\/#breadcrumb\"},\"inLanguage\":\"de\",\"potentialAction\":[{\"@type\":\"ReadAction\",\"target\":[\"https:\\\/\\\/ripagreen.com\\\/de\\\/fordern-sie-ein-angebot-an\\\/\"]}]},{\"@type\":\"BreadcrumbList\",\"@id\":\"https:\\\/\\\/ripagreen.com\\\/de\\\/fordern-sie-ein-angebot-an\\\/#breadcrumb\",\"itemListElement\":[{\"@type\":\"ListItem\",\"position\":1,\"name\":\"Accueil\",\"item\":\"https:\\\/\\\/ripagreen.com\\\/de\\\/\"},{\"@type\":\"ListItem\",\"position\":2,\"name\":\"Fordern Sie ein Angebot an\"}]},{\"@type\":\"WebSite\",\"@id\":\"https:\\\/\\\/ripagreen.com\\\/#website\",\"url\":\"https:\\\/\\\/ripagreen.com\\\/\",\"name\":\"Ripagreen\",\"description\":\"Le d\u00e9sherbage thermique \u00e0 air chaud puls\u00e9\",\"publisher\":{\"@id\":\"https:\\\/\\\/ripagreen.com\\\/#organization\"},\"potentialAction\":[{\"@type\":\"SearchAction\",\"target\":{\"@type\":\"EntryPoint\",\"urlTemplate\":\"https:\\\/\\\/ripagreen.com\\\/?s={search_term_string}\"},\"query-input\":{\"@type\":\"PropertyValueSpecification\",\"valueRequired\":true,\"valueName\":\"search_term_string\"}}],\"inLanguage\":\"de\"},{\"@type\":\"Organization\",\"@id\":\"https:\\\/\\\/ripagreen.com\\\/#organization\",\"name\":\"Ripagreen\",\"alternateName\":\"Sefmat\",\"url\":\"https:\\\/\\\/ripagreen.com\\\/\",\"logo\":{\"@type\":\"ImageObject\",\"inLanguage\":\"de\",\"@id\":\"https:\\\/\\\/ripagreen.com\\\/#\\\/schema\\\/logo\\\/image\\\/\",\"url\":\"https:\\\/\\\/ripagreen.com\\\/wp-content\\\/uploads\\\/2023\\\/06\\\/ripagreen-logo-1.png\",\"contentUrl\":\"https:\\\/\\\/ripagreen.com\\\/wp-content\\\/uploads\\\/2023\\\/06\\\/ripagreen-logo-1.png\",\"width\":696,\"height\":696,\"caption\":\"Ripagreen\"},\"image\":{\"@id\":\"https:\\\/\\\/ripagreen.com\\\/#\\\/schema\\\/logo\\\/image\\\/\"}}]}<\/script>\n<!-- \/ Yoast SEO plugin. -->","yoast_head_json":{"title":"Fordern Sie ein Angebot an | Ripagreen","description":"Fordern Sie ein Angebot f\u00fcr das Ripagreen Hei\u00dfluftgebl\u00e4se-Thermo-Unkrautvernichter-Paket an, das Sie interessiert, um alle Informationen zu erhalten.","robots":{"index":"index","follow":"follow","max-snippet":"max-snippet:-1","max-image-preview":"max-image-preview:large","max-video-preview":"max-video-preview:-1"},"canonical":"https:\/\/ripagreen.com\/de\/fordern-sie-ein-angebot-an\/","og_locale":"de_DE","og_type":"article","og_title":"Fordern Sie ein Angebot an | Ripagreen","og_description":"Fordern Sie ein Angebot f\u00fcr das Ripagreen Hei\u00dfluftgebl\u00e4se-Thermo-Unkrautvernichter-Paket an, das Sie interessiert, um alle Informationen zu erhalten.","og_url":"https:\/\/ripagreen.com\/de\/fordern-sie-ein-angebot-an\/","og_site_name":"Ripagreen","article_modified_time":"2023-05-24T13:59:49+00:00","og_image":[{"width":1200,"height":675,"url":"https:\/\/ripagreen.com\/wp-content\/uploads\/2023\/06\/ripagreen-logo-large-1.png","type":"image\/png"}],"twitter_card":"summary_large_image","schema":{"@context":"https:\/\/schema.org","@graph":[{"@type":"WebPage","@id":"https:\/\/ripagreen.com\/de\/fordern-sie-ein-angebot-an\/","url":"https:\/\/ripagreen.com\/de\/fordern-sie-ein-angebot-an\/","name":"Fordern Sie ein Angebot an | Ripagreen","isPartOf":{"@id":"https:\/\/ripagreen.com\/#website"},"datePublished":"2022-10-31T08:51:26+00:00","dateModified":"2023-05-24T13:59:49+00:00","description":"Fordern Sie ein Angebot f\u00fcr das Ripagreen Hei\u00dfluftgebl\u00e4se-Thermo-Unkrautvernichter-Paket an, das Sie interessiert, um alle Informationen zu erhalten.","breadcrumb":{"@id":"https:\/\/ripagreen.com\/de\/fordern-sie-ein-angebot-an\/#breadcrumb"},"inLanguage":"de","potentialAction":[{"@type":"ReadAction","target":["https:\/\/ripagreen.com\/de\/fordern-sie-ein-angebot-an\/"]}]},{"@type":"BreadcrumbList","@id":"https:\/\/ripagreen.com\/de\/fordern-sie-ein-angebot-an\/#breadcrumb","itemListElement":[{"@type":"ListItem","position":1,"name":"Accueil","item":"https:\/\/ripagreen.com\/de\/"},{"@type":"ListItem","position":2,"name":"Fordern Sie ein Angebot an"}]},{"@type":"WebSite","@id":"https:\/\/ripagreen.com\/#website","url":"https:\/\/ripagreen.com\/","name":"Ripagreen","description":"Le d\u00e9sherbage thermique \u00e0 air chaud puls\u00e9","publisher":{"@id":"https:\/\/ripagreen.com\/#organization"},"potentialAction":[{"@type":"SearchAction","target":{"@type":"EntryPoint","urlTemplate":"https:\/\/ripagreen.com\/?s={search_term_string}"},"query-input":{"@type":"PropertyValueSpecification","valueRequired":true,"valueName":"search_term_string"}}],"inLanguage":"de"},{"@type":"Organization","@id":"https:\/\/ripagreen.com\/#organization","name":"Ripagreen","alternateName":"Sefmat","url":"https:\/\/ripagreen.com\/","logo":{"@type":"ImageObject","inLanguage":"de","@id":"https:\/\/ripagreen.com\/#\/schema\/logo\/image\/","url":"https:\/\/ripagreen.com\/wp-content\/uploads\/2023\/06\/ripagreen-logo-1.png","contentUrl":"https:\/\/ripagreen.com\/wp-content\/uploads\/2023\/06\/ripagreen-logo-1.png","width":696,"height":696,"caption":"Ripagreen"},"image":{"@id":"https:\/\/ripagreen.com\/#\/schema\/logo\/image\/"}}]}},"_links":{"self":[{"href":"https:\/\/ripagreen.com\/de\/wp-json\/wp\/v2\/pages\/1117","targetHints":{"allow":["GET"]}}],"collection":[{"href":"https:\/\/ripagreen.com\/de\/wp-json\/wp\/v2\/pages"}],"about":[{"href":"https:\/\/ripagreen.com\/de\/wp-json\/wp\/v2\/types\/page"}],"author":[{"embeddable":true,"href":"https:\/\/ripagreen.com\/de\/wp-json\/wp\/v2\/users\/1"}],"replies":[{"embeddable":true,"href":"https:\/\/ripagreen.com\/de\/wp-json\/wp\/v2\/comments?post=1117"}],"version-history":[{"count":1,"href":"https:\/\/ripagreen.com\/de\/wp-json\/wp\/v2\/pages\/1117\/revisions"}],"predecessor-version":[{"id":2038,"href":"https:\/\/ripagreen.com\/de\/wp-json\/wp\/v2\/pages\/1117\/revisions\/2038"}],"wp:attachment":[{"href":"https:\/\/ripagreen.com\/de\/wp-json\/wp\/v2\/media?parent=1117"}],"curies":[{"name":"wp","href":"https:\/\/api.w.org\/{rel}","templated":true}]}}